{"id":2512,"date":"2024-09-23T19:06:03","date_gmt":"2024-09-23T19:06:03","guid":{"rendered":"http:\/\/nscidiomas.com\/?page_id=2512"},"modified":"2025-08-01T23:03:56","modified_gmt":"2025-08-01T20:03:56","slug":"reembolso_devoluciones","status":"publish","type":"page","link":"https:\/\/nscidiomas.com\/en\/refunds-returns\/","title":{"rendered":"Returns and refunds"},"content":{"rendered":"<div data-elementor-type=\"wp-page\" data-elementor-id=\"2512\" class=\"elementor elementor-2512\" data-elementor-post-type=\"page\">\n\t\t\t\t<div class=\"elementor-element elementor-element-3bb8bd1 e-flex e-con-boxed e-con e-parent\" data-id=\"3bb8bd1\" data-element_type=\"container\" data-e-type=\"container\">\n\t\t\t\t\t<div class=\"e-con-inner\">\n\t\t\t\t<div class=\"elementor-element elementor-element-76dbc43 elementor-widget elementor-widget-heading\" data-id=\"76dbc43\" data-element_type=\"widget\" data-e-type=\"widget\" data-widget_type=\"heading.default\">\n\t\t\t\t<div class=\"elementor-widget-container\">\n\t\t\t\t\t<h2 class=\"elementor-heading-title elementor-size-default\">Returns and refunds<\/h2>\t\t\t\t<\/div>\n\t\t\t\t<\/div>\n\t\t\t\t\t<\/div>\n\t\t\t\t<\/div>\n\t\t<div class=\"elementor-element elementor-element-300bad3c e-flex e-con-boxed e-con e-parent\" data-id=\"300bad3c\" data-element_type=\"container\" data-e-type=\"container\">\n\t\t\t\t\t<div class=\"e-con-inner\">\n\t\t\t\t<div class=\"elementor-element elementor-element-4d47ed5c elementor-widget elementor-widget-text-editor\" data-id=\"4d47ed5c\" data-element_type=\"widget\" data-e-type=\"widget\" data-widget_type=\"text-editor.default\">\n\t\t\t\t<div class=\"elementor-widget-container\">\n\t\t\t\t\t\t\t\t\t\n<p>At <strong>NSC idiomas<\/strong>, we strive to provide high quality products and services that meet our customers' expectations. However, we understand that situations may arise where a return or refund may be required. Below you can read our return and refund policy:<\/p>\n\n<p>In case the course does not meet your expectations we have the following refund options for you:\u00a0<\/p>\n\n<p><strong>Pre-recorded courses<\/strong><\/p>\n\n<ol class=\"wp-block-list\">\n<li>The refund shall be\u00a0<strong>100%<\/strong>\u00a0as long as your purchase was made within\u00a0<strong>no mayor a 3 d\u00edas<\/strong>\u00a0business days and your progress in the classes is\u00a0<strong>greater than 5% and less than 15%.<\/strong><\/li>\n\n<li>The refund shall be\u00a0<strong>70%\u00a0<\/strong>if your purchase was made in a period less than or equal to <strong>3 d\u00edas<\/strong> and your progress of the classes do not exceed\u00a0<strong>15%<\/strong>.\u00a0<\/li>\n\n<li>In case your course progress\u00a0<strong>exceeds 15%<\/strong>\u00a0, no refund can be requested.<\/li>\n\n<li>In case of a refund, the student <strong>loses access to the course completely.<\/strong>.\u00a0<\/li>\n\n<li>A refund cannot be requested if you have already obtained<strong> a certificate<\/strong> or if you completed <strong>more than 15% of the course.<\/strong>.\u00a0<\/li>\n<\/ol>\n\n<p><strong>Other digital products<\/strong><\/p>\n\n<p>Our digital products, such as guides, templates and downloadable materials, are not eligible for return after purchase. Due to the nature of the product, we cannot accept returns or offer refunds once the digital material has been accessed. We recommend that before making a purchase, you carefully review the product description and details to ensure that it meets your needs.<\/p>\n\n<p><strong>Synchronous courses<\/strong><\/p>\n\n<p>In the case of training services or courses, if you are unable to attend or are not satisfied with the service received, we offer the following options:<\/p>\n\n<ul class=\"wp-block-list\">\n<li><strong>Rescheduling due to cancellation<\/strong>: Cancellations of classes whether 1:1 or group mode must be made at least 24 hours in advance to reschedule classes based on availability. If you cancel less than 24 hours in advance, the class or course cannot be rescheduled for a future date.<\/li>\n\n<li><strong>Refunds<\/strong>: If you are not satisfied with the service during the first 2 classes, you can request a partial refund covering the proportional percentage of the classes not received.<\/li>\n<\/ul>\n\n<p>Pod\u00e9s leer m\u00e1s informaci\u00f3n sobre nuestras pol\u00edticas de pago y cancelaci\u00f3n de nuestros cursos sincr\u00f3nicos en el siguiente <a href=\"https:\/\/nscidiomas.com\/en\/politicas-de-pago-y-cancelacion-de-clases\/\">link<\/a>.<\/p>\n\n<p><strong>Translation services<\/strong><\/p>\n\n<ul class=\"wp-block-list\">\n<li>All translation jobs are confirmed with a downpayment of <strong>50% of the total cost of the translation<\/strong>. El saldo restante se abona antes de entregar el trabajo.<\/li>\n\n<li>Una vez iniciado el trabajo de traducci\u00f3n y confirmado el pago, no se aceptan devoluciones ni reembolsos ya que nos comprometemos con tu entrega y comenzamos a trabajar.<\/li>\n\n<li>Aceptamos preferencias de estilo o ling\u00fc\u00edsticas por adelantado.<\/li>\n\n<li>En caso de tratarse de <strong>traducciones p\u00fablicas con legalizaci\u00f3n en el Colegio de Traductores P\u00fablicos<\/strong>, todas las preferencias ling\u00fc\u00edsticas deben enviarse por anticipado ya que una vez legalizado el documento no se podr\u00e1 modificar. En el caso de ser necesarias revisiones o correcciones, nos deben informar antes de enviar a legalizar.<\/li>\n<li>Nuestro trabajo contempla una instancia de<strong> revisi\u00f3n y control de calidad<\/strong> antes de entregar el trabajo terminado. Si por alg\u00fan motivo, incurri\u00e9ramos en alg\u00fan tipo de error ofrecemos <strong>revisions and corrections <\/strong>sin costo adicional.<\/li>\n<li>Todos los servicios adicionales que no fueran prepactados se deben abonar por separado, tal es el caso de copias de traducciones p\u00fablicas o modificaciones que exceden el normal desempe\u00f1o de nuestros servicios.<\/li>\n<\/ul>\n\n<h3 id=\"h-procesamiento-de-reembolsos\" class=\"wp-block-heading\">Refund Processing<\/h3>\n\n<p>If your refund request is approved, the amount will be refunded through the same payment method used for the purchase. Processing time may vary depending on the payment method and bank.<\/p>\n\n<h3 id=\"h-solicitud-de-reembolso\" class=\"wp-block-heading\">Refund request<\/h3>\n\n<p>To request a refund, refund or rescheduling, please contact us by e-mail: <strong>info@nscidiomas.com<\/strong>. We are committed to resolve any concerns.<\/p>\n\n<p>To that end you must send us all the necessary information so we can help you with your request. Namely:<\/p>\n\n<ul class=\"wp-block-list\">\n<li><strong>Refund<\/strong>\u00a0in the subject of the e-mail.<\/li>\n\n<li>Exact name of the course you are enrolled in.<\/li>\n\n<li>E-mail address you used for registration and\/or purchase.<\/li>\n\n<li>First and last name you used for registration and\/or purchase.<\/li>\n\n<li>Reason for the request.<\/li>\n<\/ul>\n\n<p>We will analyze your specific case and offer you a solution accordingly. Please take into account that refunds, exchanges and returns may be delayed.<\/p>\n\n<h2 id=\"h-aviso-legal-y-terminos-del-sitio\" class=\"wp-block-heading has-large-font-size\">Aviso legal y t\u00e9rminos del sitio<\/h2>\n\n<h3 id=\"h-1-aviso-legal-y-terminos-de-uso\" class=\"wp-block-heading\">1. AVISO LEGAL Y T\u00c9RMINOS DE USO<\/h3>\n\n<p><strong>1.1. DATOS IDENTIFICATIVOS DEL RESPONSABLE<\/strong><\/p>\n\n<ul class=\"wp-block-list\">\n<li>Mi denominaci\u00f3n social es: Natalia Soledad Chiappetta<\/li>\n\n<li>CUIT: 27-34704361-9<\/li>\n\n<li>Email: info@nscidiomas.com<\/li>\n<\/ul>\n\n<p><strong>1.2. FINALIDAD DEL SITIO<\/strong><br \/>Los servicios prestados por son los siguientes:<\/p>\n\n<ul class=\"wp-block-list\">\n<li>Venta de servicios de traducci\u00f3n, interpretaci\u00f3n y capacitaci\u00f3n.<\/li>\n\n<li>Venta de e-books, cursos online y contenidos digitales.<\/li>\n\n<li>Gesti\u00f3n de la lista de suscriptores y usuarios adscritos a la web.<\/li>\n<\/ul>\n\n<p><strong>1.3. USUARIOS:<\/strong><br \/>El acceso y\/o uso de este sitio web atribuye la condici\u00f3n de USUARIO, que acepta, desde dicho acceso y\/o uso, los presentes t\u00e9rminos de uso, no obstante, por el mero uso de la p\u00e1gina web no significa el inicio de relaci\u00f3n laboral\/comercial alguna.<\/p>\n\n<p><strong>1.4. USO DEL SITIO WEB E INFORMACI\u00d3N:<\/strong><\/p>\n\n<p><strong>1.4.1 USO DEL SITIO WEB<\/strong><\/p>\n\n<p>La p\u00e1gina web http:\/\/nscidiomas.com\/ en adelante (LA WEB) proporciona el acceso a informaci\u00f3n, servicios y datos (en adelante, \u201clos contenidos\u201d) propiedad de Natalia Soledad Chiappetta quien asume la responsabilidad del uso de la web.<\/p>\n\n<p>El USUARIO se compromete a hacer un uso adecuado de los contenidos de la web y con car\u00e1cter enunciativo pero no limitativo, a no emplearlos para:<\/p>\n\n<p>(a) incurrir en actividades il\u00edcitas, ilegales o contrarias a la buena fe y al orden p\u00fablico;<br \/>(b) difundir contenidos o propaganda de car\u00e1cter racista, xen\u00f3fobo, pornogr\u00e1fico-ilegal, de apolog\u00eda del terrorismo o atentatorio contra los derechos humanos;<br \/>(c) provocar da\u00f1os en los sistemas f\u00edsicos y l\u00f3gicos de la web, de sus proveedores o de terceras personas, introducir o difundir en la red virus inform\u00e1ticos o cualesquiera otros sistemas f\u00edsicos o l\u00f3gicos que sean susceptibles de provocar los da\u00f1os anteriormente mencionados;<br \/>(d) intentar acceder y, en su caso, utilizar las cuentas de correo electr\u00f3nico de otros usuarios y modificar o manipular sus mensajes.<\/p>\n\n<p>La empresa se reserva el derecho de retirar todos aquellos comentarios y aportaciones que vulneren el respeto a la dignidad de la persona, que sean discriminatorios, xen\u00f3fobos, racistas, pornogr\u00e1ficos, que atenten contra la juventud o la infancia, el orden o la seguridad p\u00fablica o que, a su juicio, no resultaran adecuados para su publicaci\u00f3n.<\/p>\n\n<p>Natalia Soledad Chiappetta no ser\u00e1 responsable de las opiniones vertidas por los usuarios a trav\u00e9s del blog u otras herramientas de participaci\u00f3n que puedan crearse, conforme a lo previsto en la normativa de aplicaci\u00f3n.<\/p>\n\n<p><strong>1.4.2 CAPTURA DE INFORMACI\u00d3N<\/strong><\/p>\n\n<ul class=\"wp-block-list\">\n<li>Formulario de contacto, donde el USUARIO deber\u00e1 rellenar el campo de correo electr\u00f3nico, asunto y nombre.<\/li>\n\n<li>Formulario de suscripci\u00f3n, rellenando el USUARIO los campos necesarios para la suscripci\u00f3n a la web con los campos de nombre, y email<\/li>\n\n<li>Formulario de venta, rellenando el USUARIO los campos necesarios para la venta con los campos de nombre, email, direcci\u00f3n y DNI.<\/li>\n\n<li><strong>Cookies de rastreo, conforme a las siguientes reglas<\/strong>\n<ul class=\"wp-block-list\">\n<li>Navegaci\u00f3n y Direcci\u00f3n IP: Al navegar por esta web, el usuario facilita de forma autom\u00e1tica al servidor de la web informaci\u00f3n relativa a tu direcci\u00f3n IP, fecha y hora de acceso, el hiperv\u00ednculo que le ha reenviado a \u00e9stas, tu sistema operativo y el navegador utilizado.<\/li>\n\n<li>A pesar de lo anterior, los usuarios podr\u00e1n darse de baja en cualquier momento de los servicios prestados o datos aportados por el USUARIO dando cumplimiento a la normativa vigente sobre Protecci\u00f3n de Datos. Asimismo, tanto al suscribirse a esta p\u00e1gina web, como al realizar alg\u00fan comentario o realizar una compra en cualquiera de sus p\u00e1ginas y\/o entradas, el usuario consiente:<\/li>\n<\/ul>\n<\/li>\n<\/ul>\n\n<p>Asimismo, informamos que la informaci\u00f3n de nuestros usuarios est\u00e1 protegida de acuerdo a nuestra POLITICA DE PRIVACIDAD.<\/p>\n\n<p>Al activar una suscripci\u00f3n, formulario de contacto o comentario, el usuario comprende y acepta que:<\/p>\n\n<p>Desde el momento en que efect\u00faa su suscripci\u00f3n o accede a alg\u00fan servicio de pago, la empresa tiene acceso a: Nombre, y email, o dem\u00e1s datos necesarios conformando un fichero con el nombre de \u201cUSUARIOS DE LA WEB Y SUSCRIPTORES\u201d o en el caso de realizar alguna compra, ser\u00e1 suscrito al fichero de \u201cCLIENTES Y\/O PROVEEDORES\u201d teniendo acceso a datos de nombre, apellidos, email, DNI y domicilio completo.<\/p>\n\n<h3 id=\"h-2-propiedad-intelectual\" class=\"wp-block-heading\"><strong>2. PROPIEDAD INTELECTUAL:<\/strong><\/h3>\n\n<p>Natalia Soledad Chiappetta es titular de todos los derechos de propiedad intelectual de la marca \u00abNSC idiomas\u00bb, as\u00ed como de los elementos y materiales (a t\u00edtulo enunciativo, im\u00e1genes, sonido, audio, v\u00eddeo, software o textos; marcas o logotipos, combinaciones de colores, estructura y dise\u00f1o, selecci\u00f3n de materiales usados, programas de ordenador necesarios para su funcionamiento, acceso y uso, etc.), titularidad de Natalia Soledad Chiappetta. Todos los derechos reservados.<\/p>\n\n<p>Cualquier uso no autorizado previamente por Natalia Soledad Chiappetta sobre la marca \u00abNSC idiomas\u00bb ser\u00e1 considerado un incumplimiento grave de los derechos de propiedad intelectual.<\/p>\n\n<p>Quedan expresamente prohibidas la reproducci\u00f3n, la distribuci\u00f3n y la comunicaci\u00f3n p\u00fablica, incluida su modalidad de puesta a disposici\u00f3n, de la totalidad o parte de los contenidos de esta p\u00e1gina web, con fines comerciales, en cualquier soporte y por cualquier medio t\u00e9cnico, sin la autorizaci\u00f3n de Natalia Soledad Chiappetta.<\/p>\n\n<p>El USUARIO se compromete a respetar los derechos de Propiedad Intelectual y titularidad de Natalia Soledad Chiappetta. Podr\u00e1 visualizar \u00fanicamente los elementos de la web sin posibilidad de imprimirlos, copiarlos o almacenarlos en el disco duro de su ordenador o en cualquier otro soporte f\u00edsico. El USUARIO deber\u00e1 abstenerse de suprimir, alterar, eludir o manipular cualquier dispositivo de protecci\u00f3n o sistema de seguridad que estuviera instalado en las p\u00e1ginas de Natalia Soledad Chiappetta.<\/p>\n\n<p>Queda terminantemente prohibido compartir la licencia para uso con m\u00e1s personas, cada licencia es personal e intransferible reserv\u00e1ndonos cuantas acciones civiles y penales nos asistan en aras de salvaguardar nuestros derechos, todo ello bajo apercibimiento de incurrir en un delito contra la propiedad intelectual.<\/p>\n\n<h3 id=\"h-3-exclusion-de-garantias-y-responsabilidad\" class=\"wp-block-heading\">3. EXCLUSI\u00d3N DE GARANT\u00cdAS Y RESPONSABILIDAD<\/h3>\n\n<p>Natalia Soledad Chiappetta no se hace responsable, en ning\u00fan caso, de los da\u00f1os y perjuicios de cualquier naturaleza que pudieran ocasionar, a t\u00edtulo enunciativo: por errores u omisiones en los contenidos, por falta de disponibilidad del sitio web, \u2013 el cual realizar\u00e1 paradas peri\u00f3dicas por mantenimientos t\u00e9cnicos \u2013 as\u00ed como por la transmisi\u00f3n de virus o programas maliciosos o lesivos en los contenidos, a pesar de haber adoptado todas las medidas tecnol\u00f3gicas necesarias para evitarlo.<\/p>\n\n<h3 id=\"h-4-modificaciones\" class=\"wp-block-heading\">4. MODIFICACIONES<\/h3>\n\n<p>Natalia Soledad Chiappetta se reserva el derecho de efectuar sin previo aviso las modificaciones que considere oportunas en su web, pudiendo cambiar, suprimir o a\u00f1adir tanto los contenidos y servicios que se presten a trav\u00e9s de la misma como la forma en la que \u00e9stos aparezcan presentados o localizados en su web.<\/p>\n\n<h3 id=\"h-5-derecho-de-exclusion\" class=\"wp-block-heading\">5. DERECHO DE EXCLUSI\u00d3N<\/h3>\n\n<p>Natalia Soledad Chiappetta se reserva el derecho a denegar o retirar el acceso al portal y\/o los servicios ofrecidos sin necesidad de preaviso, a instancia propia o de un tercero, a aquellos usuarios que incumplan las presentes Condiciones Generales de Uso.<\/p>\n\n<h3 id=\"h-6-generalidades\" class=\"wp-block-heading\">6. GENERALIDADES<\/h3>\n\n<p>Natalia Soledad Chiappetta perseguir\u00e1 el incumplimiento de las presentes condiciones as\u00ed como cualquier utilizaci\u00f3n indebida de su web ejerciendo todas las acciones civiles y penales que le puedan corresponder en derecho.<\/p>\n\n<h3 id=\"h-7-modificacion-de-las-presentes-condiciones-y-duracion\" class=\"wp-block-heading\">7. MODIFICACI\u00d3N DE LAS PRESENTES CONDICIONES Y DURACI\u00d3N<\/h3>\n\n<p>Natalia Soledad Chiappetta podr\u00e1 modificar en cualquier momento las condiciones aqu\u00ed determinadas, siendo debidamente publicadas como aqu\u00ed aparecen. La vigencia de las citadas condiciones ir\u00e1 en funci\u00f3n de su exposici\u00f3n y estar\u00e1n vigentes hasta que sean modificadas por otras debidamente publicadas.<\/p>\n\n<h3 id=\"h-8-condiciones-de-venta\" class=\"wp-block-heading\">8. CONDICIONES DE VENTA<\/h3>\n\n<p>Las presentes condiciones generales tienen por objeto regular expresamente las condiciones aplicables a los procesos de contrataci\u00f3n llevados a cabo por los usuarios \u201cCliente\u201d de los servicios ofrecidos por parte de Natalia Soledad Chiappetta a trav\u00e9s de su sitio web.<\/p>\n\n<p>El cliente se encuentra sujeto a las condiciones generales vigentes en cada uno de los momentos de realizar la contrataci\u00f3n correspondiente, no siendo posible la contrataci\u00f3n de servicio alguno sin la previa aceptaci\u00f3n de las presentes condiciones generales de contrataci\u00f3n.<\/p>\n\n<ul class=\"wp-block-list\">\n<li>En la presente web podr\u00e1 adquirir productos o servicios reflejados en cada p\u00e1gina de ventas.<\/li>\n\n<li>Para proceder al pago, el cliente tiene a su disposici\u00f3n los siguientes medios: Mercado Pago o PayPal.<\/li>\n\n<li>Toda la informaci\u00f3n respecto de dichas pasarelas de pagos se pueden obtener m\u00e1s informaci\u00f3n visitando <a href=\"http:\/\/mercadopago.com.ar\/\" target=\"_blank\" rel=\"noreferrer noopener\">http:\/\/mercadopago.com.ar\/<\/a>\u00a0or\u00a0<a href=\"https:\/\/www.paypal.com\/es\/home\" target=\"_blank\" rel=\"noreferrer noopener\">https:\/\/www.paypal.com\/es\/home<\/a><\/li>\n\n<li>Para proceder al pago, normalmente se redirigidir\u00e1 al cliente a un carrito donde se te solicitar\u00e1n los datos necesarios.<\/li>\n\n<li>Ninguna compra ser\u00e1 reembolsada. A menos que Natalia Soledad Chiappetta lo decida.<\/li>\n<\/ul>\n\n<h3 id=\"h-11-ley-aplicable-y-jurisdiccion\" class=\"wp-block-heading\">11. LEY APLICABLE Y JURISDICCI\u00d3N<\/h3>\n\n<p>La relaci\u00f3n entre Natalia Soledad Chiappetta y el CLIENTE se regir\u00e1 por la normativa legal Argentina y cualquier controversia se someter\u00e1 a los juzgados y tribunales con sede en la Ciudad Aut\u00f3noma de Buenos Aires, salvo que la Ley aplicable disponga otra cosa.<\/p>\n\n<p>\u00a0<\/p>\n\t\t\t\t\t\t\t\t<\/div>\n\t\t\t\t<\/div>\n\t\t\t\t\t<\/div>\n\t\t\t\t<\/div>\n\t\t\t\t<\/div>","protected":false},"excerpt":{"rendered":"<p>Pol\u00edtica de devoluciones y reembolsos En NSC Idiomas, nos esforzamos por ofrecer productos y servicios de alta calidad que cumplan [&hellip;]<\/p>\n","protected":false},"author":1,"featured_media":0,"parent":0,"menu_order":0,"comment_status":"closed","ping_status":"closed","template":"","meta":{"_eb_attr":"","_uag_custom_page_level_css":"","site-sidebar-layout":"default","site-content-layout":"","ast-site-content-layout":"default","site-content-style":"default","site-sidebar-style":"default","ast-global-header-display":"","ast-banner-title-visibility":"","ast-main-header-display":"","ast-hfb-above-header-display":"","ast-hfb-below-header-display":"","ast-hfb-mobile-header-display":"","site-post-title":"disabled","ast-breadcrumbs-content":"","ast-featured-img":"","footer-sml-layout":"","ast-disable-related-posts":"","theme-transparent-header-meta":"","adv-header-id-meta":"","stick-header-meta":"","header-above-stick-meta":"","header-main-stick-meta":"","header-below-stick-meta":"","astra-migrate-meta-layouts":"set","ast-page-background-enabled":"default","ast-page-background-meta":{"desktop":{"background-color":"var(--ast-global-color-4)","background-image":"","background-repeat":"repeat","background-position":"center center","background-size":"auto","background-attachment":"scroll","background-type":"","background-media":"","overlay-type":"","overlay-color":"","overlay-opacity":"","overlay-gradient":""},"tablet":{"background-color":"","background-image":"","background-repeat":"repeat","background-position":"center center","background-size":"auto","background-attachment":"scroll","background-type":"","background-media":"","overlay-type":"","overlay-color":"","overlay-opacity":"","overlay-gradient":""},"mobile":{"background-color":"","background-image":"","background-repeat":"repeat","background-position":"center center","background-size":"auto","background-attachment":"scroll","background-type":"","background-media":"","overlay-type":"","overlay-color":"","overlay-opacity":"","overlay-gradient":""}},"ast-content-background-meta":{"desktop":{"background-color":"var(--ast-global-color-5)","background-image":"","background-repeat":"repeat","background-position":"center center","background-size":"auto","background-attachment":"scroll","background-type":"","background-media":"","overlay-type":"","overlay-color":"","overlay-opacity":"","overlay-gradient":""},"tablet":{"background-color":"var(--ast-global-color-5)","background-image":"","background-repeat":"repeat","background-position":"center center","background-size":"auto","background-attachment":"scroll","background-type":"","background-media":"","overlay-type":"","overlay-color":"","overlay-opacity":"","overlay-gradient":""},"mobile":{"background-color":"var(--ast-global-color-5)","background-image":"","background-repeat":"repeat","background-position":"center center","background-size":"auto","background-attachment":"scroll","background-type":"","background-media":"","overlay-type":"","overlay-color":"","overlay-opacity":"","overlay-gradient":""}},"_joinchat":[],"footnotes":""},"class_list":["post-2512","page","type-page","status-publish","hentry"],"uagb_featured_image_src":{"full":false,"thumbnail":false,"medium":false,"medium_large":false,"large":false,"1536x1536":false,"2048x2048":false,"trp-custom-language-flag":false,"woocommerce_thumbnail":false,"woocommerce_single":false,"woocommerce_gallery_thumbnail":false},"uagb_author_info":{"display_name":"","author_link":"https:\/\/nscidiomas.com\/en\/author\/"},"uagb_comment_info":0,"uagb_excerpt":"Pol\u00edtica de devoluciones y reembolsos En NSC Idiomas, nos esforzamos por ofrecer productos y servicios de alta calidad que cumplan [&hellip;]","_links":{"self":[{"href":"https:\/\/nscidiomas.com\/en\/wp-json\/wp\/v2\/pages\/2512","targetHints":{"allow":["GET"]}}],"collection":[{"href":"https:\/\/nscidiomas.com\/en\/wp-json\/wp\/v2\/pages"}],"about":[{"href":"https:\/\/nscidiomas.com\/en\/wp-json\/wp\/v2\/types\/page"}],"author":[{"embeddable":true,"href":"https:\/\/nscidiomas.com\/en\/wp-json\/wp\/v2\/users\/1"}],"replies":[{"embeddable":true,"href":"https:\/\/nscidiomas.com\/en\/wp-json\/wp\/v2\/comments?post=2512"}],"version-history":[{"count":0,"href":"https:\/\/nscidiomas.com\/en\/wp-json\/wp\/v2\/pages\/2512\/revisions"}],"wp:attachment":[{"href":"https:\/\/nscidiomas.com\/en\/wp-json\/wp\/v2\/media?parent=2512"}],"curies":[{"name":"wp","href":"https:\/\/api.w.org\/{rel}","templated":true}]}}