{"id":3094,"date":"2024-10-01T21:16:49","date_gmt":"2024-10-01T18:16:49","guid":{"rendered":"http:\/\/nscidiomas.com\/?page_id=3094"},"modified":"2025-08-01T22:53:16","modified_gmt":"2025-08-01T19:53:16","slug":"politicas-de-pago-y-cancelacion-de-clases","status":"publish","type":"page","link":"https:\/\/nscidiomas.com\/en\/politicas-de-pago-y-cancelacion-de-clases\/","title":{"rendered":"Pol\u00edticas de pago y cancelaci\u00f3n de clases"},"content":{"rendered":"<div data-elementor-type=\"wp-page\" data-elementor-id=\"3094\" class=\"elementor elementor-3094\" data-elementor-post-type=\"page\">\n\t\t\t\t<div class=\"elementor-element elementor-element-d21f543 e-flex e-con-boxed e-con e-parent\" data-id=\"d21f543\" data-element_type=\"container\" data-e-type=\"container\">\n\t\t\t\t\t<div class=\"e-con-inner\">\n\t\t\t\t<div class=\"elementor-element elementor-element-cd57aba elementor-widget elementor-widget-heading\" data-id=\"cd57aba\" data-element_type=\"widget\" data-e-type=\"widget\" data-widget_type=\"heading.default\">\n\t\t\t\t<div class=\"elementor-widget-container\">\n\t\t\t\t\t<h2 class=\"elementor-heading-title elementor-size-default\">Pol\u00edticas de pago y cancelaci\u00f3n de clases<\/h2>\t\t\t\t<\/div>\n\t\t\t\t<\/div>\n\t\t\t\t\t<\/div>\n\t\t\t\t<\/div>\n\t\t<div class=\"elementor-element elementor-element-6bb558e0 e-flex e-con-boxed e-con e-parent\" data-id=\"6bb558e0\" data-element_type=\"container\" data-e-type=\"container\">\n\t\t\t\t\t<div class=\"e-con-inner\">\n\t\t\t\t<div class=\"elementor-element elementor-element-4f13ad14 elementor-widget elementor-widget-text-editor\" data-id=\"4f13ad14\" data-element_type=\"widget\" data-e-type=\"widget\" data-widget_type=\"text-editor.default\">\n\t\t\t\t<div class=\"elementor-widget-container\">\n\t\t\t\t\t\t\t\t\t\n<p class=\"wp-block-heading\">\u00a0<\/p>\n\n<div class=\"wp-block-uagb-icon-list uagb-block-b47ba0a8\">\n<div class=\"uagb-icon-list__wrap\">\n<div class=\"wp-block-uagb-icon-list-child uagb-block-87acc874\"><span class=\"uagb-icon-list__label\"><strong>Importante<\/strong>: Agradecemos a los estudiantes, avisar lo antes posible cuando no puedan asistir a clase, de este modo podemos reorganizar las clases y o disponer de ese horario para ofrecerlo a otro alumno. Nuestro tiempo es valioso y planificamos las clases de forma personalizada para cada uno de ustedes. Por lo que el aviso a \u00faltimo momento nos inhabilita de realizar cualquier otra actividad.<\/span><\/div>\n\n<div class=\"wp-block-uagb-icon-list-child uagb-block-c405956c\"><span class=\"uagb-icon-list__label\"><strong>Ausencia de alumnos<\/strong>: En el caso de los cursos individuales, se podr\u00e1n recuperar aquellas clases que se cancelen el d\u00eda anterior. Por una cuesti\u00f3n de respeto al trabajo y el tiempo de los profesores todas las clases que no se cancelen con dicha anticipaci\u00f3n se pierden ya que nos quita la posibilidad de darle ese horario a otros alumnos o disponer del tiempo. En el caso de las clases grupales, es recomendable que el alumno se ponga en contacto con el profesor avisando de la falta as\u00ed se asegura de que la clase quede grabada (en caso de ser posible) y que se la va a enviar luego. Todas las clases que puedan ser recuperadas se van a recuperar dentro del mes al que correspondan.<\/span><\/div>\n\n<div class=\"wp-block-uagb-icon-list-child uagb-block-1bd04ee0\"><span class=\"uagb-icon-list__label\"><strong>Ausencia del profesor<\/strong>: En el caso de que un profesor avise su ausencia con anticipaci\u00f3n se dispondr\u00e1 un reemplazo (de ser posible) o se reprogramar\u00e1 la clase seg\u00fan la disponibilidad horaria del profesor y los alumnos. En el caso de que un profesor deba cambiar una clase sin previa anticipaci\u00f3n tambi\u00e9n se reprogramar\u00e1 la clase.<\/span><\/div>\n\n<div class=\"wp-block-uagb-icon-list-child uagb-block-474ce847\"><span class=\"uagb-icon-list__label\"><strong>Llegadas tarde<\/strong>: En caso de retraso por parte de los alumnos, el profesor contempla hasta 30 minutos de tolerancia en el caso de no tener ning\u00fan aviso por parte del alumno.<\/span><\/div>\n\n<div class=\"wp-block-uagb-icon-list-child uagb-block-88d73bd3\"><span class=\"uagb-icon-list__label\"><strong>Pagos de cuotas mensuales &#8211; cursos grupales<\/strong>: Los cursos regulares consisten en el pago de una matricula de inscripci\u00f3n y cuotas anuales. Las cuotas se abonan entre los d\u00edas 1 y 7 de cada mes, de lo contrario corre la mora correspondiente al 7%.<\/span><\/div>\n\n<div class=\"wp-block-uagb-icon-list-child uagb-block-e41e9bf3\"><span class=\"uagb-icon-list__label\"><strong>Pagos de cuotas mensuales &#8211; clases individuales<\/strong>: Las clases se abonan entre los d\u00edas 1 y 7 de cada mes.<br \/><strong>Pagos de programas individuales (entrevista laboral)<\/strong>: Se deber\u00e1n abonar antes de la clase y el alumno deber\u00e1 enviar todo lo necesario para planificar la clase con un d\u00eda de anticipaci\u00f3n.<br \/><\/span><\/div>\n\n<div class=\"wp-block-uagb-icon-list-child uagb-block-85ec0449\"><span class=\"uagb-icon-list__label\"><strong>Feriados<\/strong>: Los d\u00edas feriados no se dictan clases grupales al igual que en cualquier otro establecimiento educativo. Las clases individuales se pueden reprogramar o cancelar.<\/span><\/div>\n<\/div>\n<\/div>\n\n<p><br \/>Todos nuestros programas y cursos est\u00e1n dise\u00f1ados para profesionales comprometidos con su crecimiento. Cada curso ha sido pensado estrat\u00e9gicamente y nos comprometemos con cada proceso.<br \/><br \/><\/p>\n\t\t\t\t\t\t\t\t<\/div>\n\t\t\t\t<\/div>\n\t\t\t\t\t<\/div>\n\t\t\t\t<\/div>\n\t\t\t\t<\/div>","protected":false},"excerpt":{"rendered":"<p>Pol\u00edticas de pago y cancelaci\u00f3n de clases \u00a0 Todos nuestros programas y cursos est\u00e1n dise\u00f1ados para profesionales comprometidos con su [&hellip;]<\/p>\n","protected":false},"author":2,"featured_media":0,"parent":0,"menu_order":0,"comment_status":"closed","ping_status":"closed","template":"","meta":{"_eb_attr":"","_uag_custom_page_level_css":"","site-sidebar-layout":"default","site-content-layout":"","ast-site-content-layout":"default","site-content-style":"default","site-sidebar-style":"default","ast-global-header-display":"","ast-banner-title-visibility":"","ast-main-header-display":"","ast-hfb-above-header-display":"","ast-hfb-below-header-display":"","ast-hfb-mobile-header-display":"","site-post-title":"disabled","ast-breadcrumbs-content":"","ast-featured-img":"","footer-sml-layout":"","ast-disable-related-posts":"","theme-transparent-header-meta":"","adv-header-id-meta":"","stick-header-meta":"","header-above-stick-meta":"","header-main-stick-meta":"","header-below-stick-meta":"","astra-migrate-meta-layouts":"default","ast-page-background-enabled":"default","ast-page-background-meta":{"desktop":{"background-color":"var(--ast-global-color-4)","background-image":"","background-repeat":"repeat","background-position":"center center","background-size":"auto","background-attachment":"scroll","background-type":"","background-media":"","overlay-type":"","overlay-color":"","overlay-opacity":"","overlay-gradient":""},"tablet":{"background-color":"","background-image":"","background-repeat":"repeat","background-position":"center center","background-size":"auto","background-attachment":"scroll","background-type":"","background-media":"","overlay-type":"","overlay-color":"","overlay-opacity":"","overlay-gradient":""},"mobile":{"background-color":"","background-image":"","background-repeat":"repeat","background-position":"center center","background-size":"auto","background-attachment":"scroll","background-type":"","background-media":"","overlay-type":"","overlay-color":"","overlay-opacity":"","overlay-gradient":""}},"ast-content-background-meta":{"desktop":{"background-color":"var(--ast-global-color-5)","background-image":"","background-repeat":"repeat","background-position":"center center","background-size":"auto","background-attachment":"scroll","background-type":"","background-media":"","overlay-type":"","overlay-color":"","overlay-opacity":"","overlay-gradient":""},"tablet":{"background-color":"var(--ast-global-color-5)","background-image":"","background-repeat":"repeat","background-position":"center center","background-size":"auto","background-attachment":"scroll","background-type":"","background-media":"","overlay-type":"","overlay-color":"","overlay-opacity":"","overlay-gradient":""},"mobile":{"background-color":"var(--ast-global-color-5)","background-image":"","background-repeat":"repeat","background-position":"center center","background-size":"auto","background-attachment":"scroll","background-type":"","background-media":"","overlay-type":"","overlay-color":"","overlay-opacity":"","overlay-gradient":""}},"_joinchat":[],"footnotes":""},"class_list":["post-3094","page","type-page","status-publish","hentry"],"uagb_featured_image_src":{"full":false,"thumbnail":false,"medium":false,"medium_large":false,"large":false,"1536x1536":false,"2048x2048":false,"trp-custom-language-flag":false,"woocommerce_thumbnail":false,"woocommerce_single":false,"woocommerce_gallery_thumbnail":false},"uagb_author_info":{"display_name":"Natalia","author_link":"https:\/\/nscidiomas.com\/en\/author\/c1502373\/"},"uagb_comment_info":0,"uagb_excerpt":"Pol\u00edticas de pago y cancelaci\u00f3n de clases \u00a0 Todos nuestros programas y cursos est\u00e1n dise\u00f1ados para profesionales comprometidos con su [&hellip;]","_links":{"self":[{"href":"https:\/\/nscidiomas.com\/en\/wp-json\/wp\/v2\/pages\/3094","targetHints":{"allow":["GET"]}}],"collection":[{"href":"https:\/\/nscidiomas.com\/en\/wp-json\/wp\/v2\/pages"}],"about":[{"href":"https:\/\/nscidiomas.com\/en\/wp-json\/wp\/v2\/types\/page"}],"author":[{"embeddable":true,"href":"https:\/\/nscidiomas.com\/en\/wp-json\/wp\/v2\/users\/2"}],"replies":[{"embeddable":true,"href":"https:\/\/nscidiomas.com\/en\/wp-json\/wp\/v2\/comments?post=3094"}],"version-history":[{"count":0,"href":"https:\/\/nscidiomas.com\/en\/wp-json\/wp\/v2\/pages\/3094\/revisions"}],"wp:attachment":[{"href":"https:\/\/nscidiomas.com\/en\/wp-json\/wp\/v2\/media?parent=3094"}],"curies":[{"name":"wp","href":"https:\/\/api.w.org\/{rel}","templated":true}]}}