{"id":3143,"date":"2024-10-02T00:21:06","date_gmt":"2024-10-01T21:21:06","guid":{"rendered":"http:\/\/nscidiomas.com\/?page_id=3143"},"modified":"2026-01-28T22:46:36","modified_gmt":"2026-01-28T19:46:36","slug":"traducciones-especializadas","status":"publish","type":"page","link":"https:\/\/nscidiomas.com\/en\/specialised-translations\/","title":{"rendered":"Specialized translations"},"content":{"rendered":"<div data-elementor-type=\"wp-page\" data-elementor-id=\"3143\" class=\"elementor elementor-3143\" data-elementor-post-type=\"page\">\n\t\t\t\t<div class=\"elementor-element elementor-element-1cc2dce6 e-flex e-con-boxed e-con e-parent\" data-id=\"1cc2dce6\" data-element_type=\"container\" data-e-type=\"container\" data-settings=\"{&quot;background_background&quot;:&quot;classic&quot;}\">\n\t\t\t\t\t<div class=\"e-con-inner\">\n\t\t<div class=\"elementor-element elementor-element-7e90fc18 e-con-full e-flex e-con e-child\" data-id=\"7e90fc18\" data-element_type=\"container\" data-e-type=\"container\">\n\t\t\t\t<div class=\"elementor-element elementor-element-3c4c9281 elementor-widget elementor-widget-image\" data-id=\"3c4c9281\" data-element_type=\"widget\" data-e-type=\"widget\" data-widget_type=\"image.default\">\n\t\t\t\t<div class=\"elementor-widget-container\">\n\t\t\t\t\t\t\t\t\t\t\t\t\t\t\t<img fetchpriority=\"high\" decoding=\"async\" width=\"960\" height=\"1024\" src=\"https:\/\/nscidiomas.com\/wp-content\/uploads\/2025\/06\/traducciones-especializadas-1-960x1024.jpg\" class=\"attachment-large size-large wp-image-6974\" alt=\"\" srcset=\"https:\/\/nscidiomas.com\/wp-content\/uploads\/2025\/06\/traducciones-especializadas-1-960x1024.jpg 960w, https:\/\/nscidiomas.com\/wp-content\/uploads\/2025\/06\/traducciones-especializadas-1-281x300.jpg 281w, https:\/\/nscidiomas.com\/wp-content\/uploads\/2025\/06\/traducciones-especializadas-1-768x819.jpg 768w, https:\/\/nscidiomas.com\/wp-content\/uploads\/2025\/06\/traducciones-especializadas-1-1440x1536.jpg 1440w, https:\/\/nscidiomas.com\/wp-content\/uploads\/2025\/06\/traducciones-especializadas-1-11x12.jpg 11w, https:\/\/nscidiomas.com\/wp-content\/uploads\/2025\/06\/traducciones-especializadas-1-600x640.jpg 600w, https:\/\/nscidiomas.com\/wp-content\/uploads\/2025\/06\/traducciones-especializadas-1-47x50.jpg 47w, https:\/\/nscidiomas.com\/wp-content\/uploads\/2025\/06\/traducciones-especializadas-1.jpg 1500w\" sizes=\"(max-width: 960px) 100vw, 960px\" \/>\t\t\t\t\t\t\t\t\t\t\t\t\t\t\t<\/div>\n\t\t\t\t<\/div>\n\t\t\t\t<\/div>\n\t\t<div class=\"elementor-element elementor-element-7133020a e-con-full e-flex e-con e-child\" data-id=\"7133020a\" data-element_type=\"container\" data-e-type=\"container\">\n\t\t\t\t<div class=\"elementor-element elementor-element-59726a3 elementor-widget elementor-widget-heading\" data-id=\"59726a3\" data-element_type=\"widget\" data-e-type=\"widget\" data-widget_type=\"heading.default\">\n\t\t\t\t<div class=\"elementor-widget-container\">\n\t\t\t\t\t<h2 class=\"elementor-heading-title elementor-size-default\">SPECIALISED TRANSLATIONS<\/h2>\t\t\t\t<\/div>\n\t\t\t\t<\/div>\n\t\t\t\t<div class=\"elementor-element elementor-element-8ecba35 elementor-widget elementor-widget-text-editor\" data-id=\"8ecba35\" data-element_type=\"widget\" data-e-type=\"widget\" data-widget_type=\"text-editor.default\">\n\t\t\t\t<div class=\"elementor-widget-container\">\n\t\t\t\t\t\t\t\t\t<p><strong>Certified<\/strong>\u00a0<strong>traducciones especializadas<\/strong>\u00a0son aquellas que requieren un conocimiento profundo en \u00e1reas t\u00e9cnicas como el derecho, la econom\u00eda, las finanzas, la contabilidad, entre otras.<\/p>\n<p><!-- \/wp:paragraph --><!-- wp:uagb\/icon-list {\"block_id\":\"9b3909e9\",\"classMigrate\":true,\"childMigrate\":true} --><\/p>\n<div class=\"wp-block-uagb-icon-list uagb-block-9b3909e9\">\n<div class=\"uagb-icon-list__wrap\"><!-- wp:uagb\/icon-list-child {\"block_id\":\"ab41caf6\",\"label\":\"Traducci\u00f3n jur\u00eddica\",\"label_color\":\"\"} -->\n<div class=\"wp-block-uagb-icon-list-child uagb-block-ab41caf6 translation-block\"><a href=\"https:\/\/nscidiomas.com\/en\/legal-translation\/\" data-type=\"link\" data-id=\"http:\/\/nscidiomas.com\/traduccion-juridica\/\" target=\"_self\"><strong>Legal Translation<\/strong><\/a><\/div>\n<!-- \/wp:uagb\/icon-list-child --><!-- wp:uagb\/icon-list-child {\"block_id\":\"b48044f0\",\"label\":\"Traducci\u00f3n de textos de econom\u00eda\",\"label_color\":\"\"} -->\n<div class=\"wp-block-uagb-icon-list-child uagb-block-b48044f0\"><strong><span class=\"uagb-icon-list__label\">Financial translation<\/span><\/strong><\/div>\n<!-- \/wp:uagb\/icon-list-child --><!-- wp:uagb\/icon-list-child {\"block_id\":\"18dac143\",\"label\":\"Traducci\u00f3n de documentos contables\",\"label_color\":\"\"} -->\n<div class=\"wp-block-uagb-icon-list-child uagb-block-18dac143\"><strong><span class=\"uagb-icon-list__label\">Translation of accounting and financial documents<\/span><\/strong><\/div>\n<!-- \/wp:uagb\/icon-list-child --><\/div>\n<\/div>\n<p><!-- \/wp:uagb\/icon-list --><!-- wp:paragraph --><\/p>\n<p>\u00a0<\/p>\t\t\t\t\t\t\t\t<\/div>\n\t\t\t\t<\/div>\n\t\t\t\t<div class=\"elementor-element elementor-element-2519440c elementor-align-center elementor-widget elementor-widget-button\" data-id=\"2519440c\" data-element_type=\"widget\" data-e-type=\"widget\" data-widget_type=\"button.default\">\n\t\t\t\t<div class=\"elementor-widget-container\">\n\t\t\t\t\t\t\t\t\t<div class=\"elementor-button-wrapper\">\n\t\t\t\t\t<a class=\"elementor-button elementor-button-link elementor-size-sm\" href=\"https:\/\/wa.me\/541139450205\/\" target=\"_blank\" rel=\"noopener\">\n\t\t\t\t\t\t<span class=\"elementor-button-content-wrapper\">\n\t\t\t\t\t\t\t\t\t<span class=\"elementor-button-text\">Contact us<\/span>\n\t\t\t\t\t<\/span>\n\t\t\t\t\t<\/a>\n\t\t\t\t<\/div>\n\t\t\t\t\t\t\t\t<\/div>\n\t\t\t\t<\/div>\n\t\t\t\t<\/div>\n\t\t\t\t\t<\/div>\n\t\t\t\t<\/div>\n\t\t<div class=\"elementor-element elementor-element-6972eca7 e-flex e-con-boxed e-con e-parent\" data-id=\"6972eca7\" data-element_type=\"container\" data-e-type=\"container\">\n\t\t\t\t\t<div class=\"e-con-inner\">\n\t\t\t\t<div class=\"elementor-element elementor-element-4f346903 elementor-widget elementor-widget-text-editor\" data-id=\"4f346903\" data-element_type=\"widget\" data-e-type=\"widget\" data-widget_type=\"text-editor.default\">\n\t\t\t\t<div class=\"elementor-widget-container\">\n\t\t\t\t\t\t\t\t\t<p>\u00a0<\/p><p>To put it plainly, the usual steps are as follows:<\/p>\t\t\t\t\t\t\t\t<\/div>\n\t\t\t\t<\/div>\n\t\t\t\t\t<\/div>\n\t\t\t\t<\/div>\n\t\t<div class=\"elementor-element elementor-element-83132da e-flex e-con-boxed e-con e-parent\" data-id=\"83132da\" data-element_type=\"container\" data-e-type=\"container\">\n\t\t\t\t\t<div class=\"e-con-inner\">\n\t\t\t\t<div class=\"elementor-element elementor-element-340d853 elementor-widget elementor-widget-text-editor\" data-id=\"340d853\" data-element_type=\"widget\" data-e-type=\"widget\" data-widget_type=\"text-editor.default\">\n\t\t\t\t<div class=\"elementor-widget-container\">\n\t\t\t\t\t\t\t\t\t<div class=\"wp-block-uagb-icon-list uagb-block-9b3909e9\">\n<div class=\"uagb-icon-list__wrap\">\n<div class=\"wp-block-uagb-icon-list-child uagb-block-18dac143\">\u00a0<\/div>\n<!-- \/wp:uagb\/icon-list-child --><\/div>\n<\/div>\n<!-- \/wp:uagb\/icon-list --><!-- wp:paragraph -->\n<p>We are a team of highly qualified translators with extensive experience in these specific areas, ensuring that each project is approached with the utmost precision and fidelity to the original text. We understand that in such specialised sectors, accuracy and the correct use of terminology are essential, which is why we work meticulously on every detail.<\/p>\n<!-- \/wp:paragraph --><!-- wp:paragraph -->\n<p class=\"translation-block\">Our process includes a <strong>thorough review<\/strong> and <strong>analysis<\/strong> with the client to ensure that the translation is not only accurate but also consistent with the purpose and needs of the project. In addition, we are committed to <strong>confidentiality<\/strong> and <strong>on-time delivery<\/strong>, two key aspects of translation projects in these fields.<\/p>\n<!-- \/wp:paragraph --><!-- wp:paragraph -->\n<p class=\"translation-block\">Among our services, we also offer <strong>website translation and localisation<\/strong> for companies looking to expand into international markets. We ensure that the terminology and style are adapted to the cultural and linguistic context of the target country, thus facilitating effective communication with the target audience.<\/p>\n<!-- \/wp:paragraph --><!-- wp:paragraph -->\n<p>They are essential for those who need documents that must meet high standards of quality, both in terms of language and technical content. Whether for contracts, financial reports, legal documents or any other specific material, our team is ready to provide a personalised and reliable service.<\/p>\n<!-- \/wp:paragraph --><!-- wp:paragraph -->\n<p>We offer customised language solutions, providing translation and training services designed to enable professionals and companies to communicate with confidence and accuracy in international legal and corporate contexts. With 15 years in the industry, we understand the challenges of the field.<\/p>\n<!-- \/wp:paragraph --><!-- wp:paragraph -->\n<p class=\"translation-block\">Language pairs we work with: <strong>English, French, Italian, Portuguese, German<\/strong>.<\/p>\t\t\t\t\t\t\t\t<\/div>\n\t\t\t\t<\/div>\n\t\t\t\t\t<\/div>\n\t\t\t\t<\/div>\n\t\t<div class=\"elementor-element elementor-element-4d58b7a2 e-flex e-con-boxed e-con e-parent\" data-id=\"4d58b7a2\" data-element_type=\"container\" data-e-type=\"container\" data-settings=\"{&quot;background_background&quot;:&quot;classic&quot;}\">\n\t\t\t\t\t<div class=\"e-con-inner\">\n\t\t\t\t<div class=\"elementor-element elementor-element-a8d696e elementor-invisible elementor-widget elementor-widget-image\" data-id=\"a8d696e\" data-element_type=\"widget\" data-e-type=\"widget\" data-settings=\"{&quot;_animation&quot;:&quot;fadeInDown&quot;}\" data-widget_type=\"image.default\">\n\t\t\t\t<div class=\"elementor-widget-container\">\n\t\t\t\t\t\t\t\t\t\t\t\t\t\t\t<img decoding=\"async\" width=\"290\" height=\"379\" src=\"https:\/\/nscidiomas.com\/wp-content\/uploads\/2025\/06\/natalia-footer-2.png\" class=\"attachment-large size-large wp-image-6899\" alt=\"Natalia\" srcset=\"https:\/\/nscidiomas.com\/wp-content\/uploads\/2025\/06\/natalia-footer-2.png 290w, https:\/\/nscidiomas.com\/wp-content\/uploads\/2025\/06\/natalia-footer-2-230x300.png 230w, https:\/\/nscidiomas.com\/wp-content\/uploads\/2025\/06\/natalia-footer-2-9x12.png 9w, https:\/\/nscidiomas.com\/wp-content\/uploads\/2025\/06\/natalia-footer-2-38x50.png 38w\" sizes=\"(max-width: 290px) 100vw, 290px\" \/>\t\t\t\t\t\t\t\t\t\t\t\t\t\t\t<\/div>\n\t\t\t\t<\/div>\n\t\t\t\t\t<\/div>\n\t\t\t\t<\/div>\n\t\t<div class=\"elementor-element elementor-element-3944b0d e-flex e-con-boxed e-con e-parent\" data-id=\"3944b0d\" data-element_type=\"container\" data-e-type=\"container\" data-settings=\"{&quot;background_background&quot;:&quot;classic&quot;}\">\n\t\t\t\t\t<div class=\"e-con-inner\">\n\t\t<div class=\"elementor-element elementor-element-6ebfe5a8 e-con-full e-flex e-con e-child\" data-id=\"6ebfe5a8\" data-element_type=\"container\" data-e-type=\"container\">\n\t\t\t\t<div class=\"elementor-element elementor-element-3f377f1e elementor-widget elementor-widget-image\" data-id=\"3f377f1e\" data-element_type=\"widget\" data-e-type=\"widget\" data-widget_type=\"image.default\">\n\t\t\t\t<div class=\"elementor-widget-container\">\n\t\t\t\t\t\t\t\t\t\t\t\t\t\t\t<img decoding=\"async\" width=\"500\" height=\"500\" src=\"https:\/\/nscidiomas.com\/wp-content\/uploads\/2025\/06\/LOGOTIPO-DE-NSC-IDIOMAS-1.png\" class=\"attachment-large size-large wp-image-6901\" alt=\"\" srcset=\"https:\/\/nscidiomas.com\/wp-content\/uploads\/2025\/06\/LOGOTIPO-DE-NSC-IDIOMAS-1.png 500w, https:\/\/nscidiomas.com\/wp-content\/uploads\/2025\/06\/LOGOTIPO-DE-NSC-IDIOMAS-1-300x300.png 300w, https:\/\/nscidiomas.com\/wp-content\/uploads\/2025\/06\/LOGOTIPO-DE-NSC-IDIOMAS-1-150x150.png 150w, https:\/\/nscidiomas.com\/wp-content\/uploads\/2025\/06\/LOGOTIPO-DE-NSC-IDIOMAS-1-12x12.png 12w, https:\/\/nscidiomas.com\/wp-content\/uploads\/2025\/06\/LOGOTIPO-DE-NSC-IDIOMAS-1-100x100.png 100w, https:\/\/nscidiomas.com\/wp-content\/uploads\/2025\/06\/LOGOTIPO-DE-NSC-IDIOMAS-1-50x50.png 50w\" sizes=\"(max-width: 500px) 100vw, 500px\" \/>\t\t\t\t\t\t\t\t\t\t\t\t\t\t\t<\/div>\n\t\t\t\t<\/div>\n\t\t\t\t<\/div>\n\t\t<div class=\"elementor-element elementor-element-7df59783 e-con-full e-flex e-con e-child\" data-id=\"7df59783\" data-element_type=\"container\" data-e-type=\"container\">\n\t\t\t\t<div class=\"elementor-element elementor-element-73adbb7e elementor-widget elementor-widget-heading\" data-id=\"73adbb7e\" data-element_type=\"widget\" data-e-type=\"widget\" data-widget_type=\"heading.default\">\n\t\t\t\t<div class=\"elementor-widget-container\">\n\t\t\t\t\t<h2 class=\"elementor-heading-title elementor-size-default\">LINKS<\/h2>\t\t\t\t<\/div>\n\t\t\t\t<\/div>\n\t\t\t\t<div class=\"elementor-element elementor-element-7487e7a6 elementor-widget elementor-widget-text-editor\" data-id=\"7487e7a6\" data-element_type=\"widget\" data-e-type=\"widget\" data-widget_type=\"text-editor.default\">\n\t\t\t\t<div class=\"elementor-widget-container\">\n\t\t\t\t\t\t\t\t\t<p><a href=\"https:\/\/nscidiomas.com\/en\/contacto\/\">Contact<\/a><\/p>\n<p><a href=\"https:\/\/nscidiomas.com\/en\/politicas-de-pago-y-cancelacion-de-clases\/\">Payment policy<\/a><\/p>\n<p><a href=\"https:\/\/nscidiomas.com\/en\/refunds-returns\/\">Terms and conditions<\/a><\/p>\n<p>\u00a0<\/p>\t\t\t\t\t\t\t\t<\/div>\n\t\t\t\t<\/div>\n\t\t\t\t<\/div>\n\t\t<div class=\"elementor-element elementor-element-6de2d083 e-con-full e-flex e-con e-child\" data-id=\"6de2d083\" data-element_type=\"container\" data-e-type=\"container\">\n\t\t\t\t<div class=\"elementor-element elementor-element-3a8d700f elementor-widget elementor-widget-heading\" data-id=\"3a8d700f\" data-element_type=\"widget\" data-e-type=\"widget\" data-widget_type=\"heading.default\">\n\t\t\t\t<div class=\"elementor-widget-container\">\n\t\t\t\t\t<h2 class=\"elementor-heading-title elementor-size-default\">CONTACT US<\/h2>\t\t\t\t<\/div>\n\t\t\t\t<\/div>\n\t\t\t\t<div class=\"elementor-element elementor-element-3f84664e elementor-widget elementor-widget-text-editor\" data-id=\"3f84664e\" data-element_type=\"widget\" data-e-type=\"widget\" data-widget_type=\"text-editor.default\">\n\t\t\t\t<div class=\"elementor-widget-container\">\n\t\t\t\t\t\t\t\t\t<p><a href=\"https:\/\/wa.me\/1139450205\" target=\"_blank\" rel=\"noopener\">WhatsApp<\/a><\/p>\n<p><span style=\"color: #ffffff;\">Info@nscidiomas.com<\/span><\/p>\n<p>\u00a0<\/p>\n<p>\u00a0<\/p>\t\t\t\t\t\t\t\t<\/div>\n\t\t\t\t<\/div>\n\t\t\t\t<div class=\"elementor-element elementor-element-5ae59bc elementor-widget elementor-widget-text-editor\" data-id=\"5ae59bc\" data-element_type=\"widget\" data-e-type=\"widget\" data-widget_type=\"text-editor.default\">\n\t\t\t\t<div class=\"elementor-widget-container\">\n\t\t\t\t\t\t\t\t\t<p>\u00a0<\/p>\n<p>\u00a0<\/p>\t\t\t\t\t\t\t\t<\/div>\n\t\t\t\t<\/div>\n\t\t\t\t<\/div>\n\t\t<div class=\"elementor-element elementor-element-25071f0a e-con-full e-flex e-con e-child\" data-id=\"25071f0a\" data-element_type=\"container\" data-e-type=\"container\">\n\t\t\t\t<div class=\"elementor-element elementor-element-7d72a041 elementor-widget elementor-widget-heading\" data-id=\"7d72a041\" data-element_type=\"widget\" data-e-type=\"widget\" data-widget_type=\"heading.default\">\n\t\t\t\t<div class=\"elementor-widget-container\">\n\t\t\t\t\t<h2 class=\"elementor-heading-title elementor-size-default\">FOLLOW US<\/h2>\t\t\t\t<\/div>\n\t\t\t\t<\/div>\n\t\t\t\t<div class=\"elementor-element elementor-element-5bf54e47 elementor-shape-rounded elementor-grid-0 e-grid-align-center elementor-widget elementor-widget-social-icons\" data-id=\"5bf54e47\" data-element_type=\"widget\" data-e-type=\"widget\" data-widget_type=\"social-icons.default\">\n\t\t\t\t<div class=\"elementor-widget-container\">\n\t\t\t\t\t\t\t<div class=\"elementor-social-icons-wrapper elementor-grid\" role=\"list\">\n\t\t\t\t\t\t\t<span class=\"elementor-grid-item\" role=\"listitem\">\n\t\t\t\t\t<a class=\"elementor-icon elementor-social-icon elementor-social-icon-instagram elementor-repeater-item-c6811cf\" href=\"https:\/\/www.instagram.com\/nscidiomas.ok\/\" target=\"_blank\" rel=\"noopener\">\n\t\t\t\t\t\t<span class=\"elementor-screen-only\">Instagram<\/span>\n\t\t\t\t\t\t<svg aria-hidden=\"true\" class=\"e-font-icon-svg e-fab-instagram\" viewbox=\"0 0 448 512\" xmlns=\"http:\/\/www.w3.org\/2000\/svg\"><path d=\"M224.1 141c-63.6 0-114.9 51.3-114.9 114.9s51.3 114.9 114.9 114.9S339 319.5 339 255.9 287.7 141 224.1 141zm0 189.6c-41.1 0-74.7-33.5-74.7-74.7s33.5-74.7 74.7-74.7 74.7 33.5 74.7 74.7-33.6 74.7-74.7 74.7zm146.4-194.3c0 14.9-12 26.8-26.8 26.8-14.9 0-26.8-12-26.8-26.8s12-26.8 26.8-26.8 26.8 12 26.8 26.8zm76.1 27.2c-1.7-35.9-9.9-67.7-36.2-93.9-26.2-26.2-58-34.4-93.9-36.2-37-2.1-147.9-2.1-184.9 0-35.8 1.7-67.6 9.9-93.9 36.1s-34.4 58-36.2 93.9c-2.1 37-2.1 147.9 0 184.9 1.7 35.9 9.9 67.7 36.2 93.9s58 34.4 93.9 36.2c37 2.1 147.9 2.1 184.9 0 35.9-1.7 67.7-9.9 93.9-36.2 26.2-26.2 34.4-58 36.2-93.9 2.1-37 2.1-147.8 0-184.8zM398.8 388c-7.8 19.6-22.9 34.7-42.6 42.6-29.5 11.7-99.5 9-132.1 9s-102.7 2.6-132.1-9c-19.6-7.8-34.7-22.9-42.6-42.6-11.7-29.5-9-99.5-9-132.1s-2.6-102.7 9-132.1c7.8-19.6 22.9-34.7 42.6-42.6 29.5-11.7 99.5-9 132.1-9s102.7-2.6 132.1 9c19.6 7.8 34.7 22.9 42.6 42.6 11.7 29.5 9 99.5 9 132.1s2.7 102.7-9 132.1z\"><\/path><\/svg>\t\t\t\t\t<\/a>\n\t\t\t\t<\/span>\n\t\t\t\t\t\t\t<span class=\"elementor-grid-item\" role=\"listitem\">\n\t\t\t\t\t<a class=\"elementor-icon elementor-social-icon elementor-social-icon-facebook elementor-repeater-item-169b901\" href=\"https:\/\/www.facebook.com\/nscidiomas\" target=\"_blank\" rel=\"noopener\">\n\t\t\t\t\t\t<span class=\"elementor-screen-only\">Facebook<\/span>\n\t\t\t\t\t\t<svg aria-hidden=\"true\" class=\"e-font-icon-svg e-fab-facebook\" viewbox=\"0 0 512 512\" xmlns=\"http:\/\/www.w3.org\/2000\/svg\"><path d=\"M504 256C504 119 393 8 256 8S8 119 8 256c0 123.78 90.69 226.38 209.25 245V327.69h-63V256h63v-54.64c0-62.15 37-96.48 93.67-96.48 27.14 0 55.52 4.84 55.52 4.84v61h-31.28c-30.8 0-40.41 19.12-40.41 38.73V256h68.78l-11 71.69h-57.78V501C413.31 482.38 504 379.78 504 256z\"><\/path><\/svg>\t\t\t\t\t<\/a>\n\t\t\t\t<\/span>\n\t\t\t\t\t\t\t<span class=\"elementor-grid-item\" role=\"listitem\">\n\t\t\t\t\t<a class=\"elementor-icon elementor-social-icon elementor-social-icon-x-twitter elementor-repeater-item-467493e\" target=\"_blank\">\n\t\t\t\t\t\t<span class=\"elementor-screen-only\">X-twitter<\/span>\n\t\t\t\t\t\t<svg aria-hidden=\"true\" class=\"e-font-icon-svg e-fab-x-twitter\" viewbox=\"0 0 512 512\" xmlns=\"http:\/\/www.w3.org\/2000\/svg\"><path d=\"M389.2 48h70.6L305.6 224.2 487 464H345L233.7 318.6 106.5 464H35.8L200.7 275.5 26.8 48H172.4L272.9 180.9 389.2 48zM364.4 421.8h39.1L151.1 88h-42L364.4 421.8z\"><\/path><\/svg>\t\t\t\t\t<\/a>\n\t\t\t\t<\/span>\n\t\t\t\t\t<\/div>\n\t\t\t\t\t\t<\/div>\n\t\t\t\t<\/div>\n\t\t\t\t<\/div>\n\t\t\t\t\t<\/div>\n\t\t\t\t<\/div>\n\t\t\t\t<\/div>","protected":false},"excerpt":{"rendered":"<p>TRADUCCIONES ESPECIALIZADAS Las\u00a0traducciones especializadas\u00a0son aquellas que requieren un conocimiento profundo en \u00e1reas t\u00e9cnicas como el derecho, la econom\u00eda, las finanzas, [&hellip;]<\/p>\n","protected":false},"author":2,"featured_media":0,"parent":0,"menu_order":0,"comment_status":"closed","ping_status":"closed","template":"","meta":{"_eb_attr":"","_uag_custom_page_level_css":"","site-sidebar-layout":"default","site-content-layout":"","ast-site-content-layout":"default","site-content-style":"default","site-sidebar-style":"default","ast-global-header-display":"","ast-banner-title-visibility":"","ast-main-header-display":"","ast-hfb-above-header-display":"","ast-hfb-below-header-display":"","ast-hfb-mobile-header-display":"","site-post-title":"disabled","ast-breadcrumbs-content":"","ast-featured-img":"","footer-sml-layout":"","ast-disable-related-posts":"","theme-transparent-header-meta":"","adv-header-id-meta":"","stick-header-meta":"","header-above-stick-meta":"","header-main-stick-meta":"","header-below-stick-meta":"","astra-migrate-meta-layouts":"default","ast-page-background-enabled":"default","ast-page-background-meta":{"desktop":{"background-color":"var(--ast-global-color-4)","background-image":"","background-repeat":"repeat","background-position":"center center","background-size":"auto","background-attachment":"scroll","background-type":"","background-media":"","overlay-type":"","overlay-color":"","overlay-opacity":"","overlay-gradient":""},"tablet":{"background-color":"","background-image":"","background-repeat":"repeat","background-position":"center center","background-size":"auto","background-attachment":"scroll","background-type":"","background-media":"","overlay-type":"","overlay-color":"","overlay-opacity":"","overlay-gradient":""},"mobile":{"background-color":"","background-image":"","background-repeat":"repeat","background-position":"center center","background-size":"auto","background-attachment":"scroll","background-type":"","background-media":"","overlay-type":"","overlay-color":"","overlay-opacity":"","overlay-gradient":""}},"ast-content-background-meta":{"desktop":{"background-color":"var(--ast-global-color-5)","background-image":"","background-repeat":"repeat","background-position":"center center","background-size":"auto","background-attachment":"scroll","background-type":"","background-media":"","overlay-type":"","overlay-color":"","overlay-opacity":"","overlay-gradient":""},"tablet":{"background-color":"var(--ast-global-color-5)","background-image":"","background-repeat":"repeat","background-position":"center center","background-size":"auto","background-attachment":"scroll","background-type":"","background-media":"","overlay-type":"","overlay-color":"","overlay-opacity":"","overlay-gradient":""},"mobile":{"background-color":"var(--ast-global-color-5)","background-image":"","background-repeat":"repeat","background-position":"center center","background-size":"auto","background-attachment":"scroll","background-type":"","background-media":"","overlay-type":"","overlay-color":"","overlay-opacity":"","overlay-gradient":""}},"_joinchat":[],"footnotes":""},"class_list":["post-3143","page","type-page","status-publish","hentry"],"uagb_featured_image_src":{"full":false,"thumbnail":false,"medium":false,"medium_large":false,"large":false,"1536x1536":false,"2048x2048":false,"trp-custom-language-flag":false,"woocommerce_thumbnail":false,"woocommerce_single":false,"woocommerce_gallery_thumbnail":false},"uagb_author_info":{"display_name":"Natalia","author_link":"https:\/\/nscidiomas.com\/en\/author\/c1502373\/"},"uagb_comment_info":0,"uagb_excerpt":"TRADUCCIONES ESPECIALIZADAS Las\u00a0traducciones especializadas\u00a0son aquellas que requieren un conocimiento profundo en \u00e1reas t\u00e9cnicas como el derecho, la econom\u00eda, las finanzas, [&hellip;]","_links":{"self":[{"href":"https:\/\/nscidiomas.com\/en\/wp-json\/wp\/v2\/pages\/3143","targetHints":{"allow":["GET"]}}],"collection":[{"href":"https:\/\/nscidiomas.com\/en\/wp-json\/wp\/v2\/pages"}],"about":[{"href":"https:\/\/nscidiomas.com\/en\/wp-json\/wp\/v2\/types\/page"}],"author":[{"embeddable":true,"href":"https:\/\/nscidiomas.com\/en\/wp-json\/wp\/v2\/users\/2"}],"replies":[{"embeddable":true,"href":"https:\/\/nscidiomas.com\/en\/wp-json\/wp\/v2\/comments?post=3143"}],"version-history":[{"count":0,"href":"https:\/\/nscidiomas.com\/en\/wp-json\/wp\/v2\/pages\/3143\/revisions"}],"wp:attachment":[{"href":"https:\/\/nscidiomas.com\/en\/wp-json\/wp\/v2\/media?parent=3143"}],"curies":[{"name":"wp","href":"https:\/\/api.w.org\/{rel}","templated":true}]}}