{"id":6228,"date":"2025-05-05T20:54:29","date_gmt":"2025-05-05T17:54:29","guid":{"rendered":"https:\/\/mediumvioletred-wolverine-414143.hostingersite.com\/?page_id=6228"},"modified":"2025-06-23T01:33:30","modified_gmt":"2025-06-22T22:33:30","slug":"traducciones-publicas-ingles-espanol-buenos-aires-argentina","status":"publish","type":"page","link":"https:\/\/nscidiomas.com\/en\/traducciones-publicas-ingles-espanol-buenos-aires-argentina\/","title":{"rendered":"Traducciones p\u00fablicas ingl\u00e9s &#8211; espa\u00f1ol &#8211;"},"content":{"rendered":"<div data-elementor-type=\"wp-page\" data-elementor-id=\"6228\" class=\"elementor elementor-6228\" data-elementor-post-type=\"page\">\n\t\t\t\t<div class=\"elementor-element elementor-element-61c05c9c e-flex e-con-boxed e-con e-parent\" data-id=\"61c05c9c\" data-element_type=\"container\" data-e-type=\"container\" data-settings=\"{&quot;background_background&quot;:&quot;classic&quot;}\">\n\t\t\t\t\t<div class=\"e-con-inner\">\n\t\t<div class=\"elementor-element elementor-element-3e11e690 e-con-full e-flex e-con e-child\" data-id=\"3e11e690\" data-element_type=\"container\" data-e-type=\"container\">\n\t\t\t\t<div class=\"elementor-element elementor-element-69c358c2 elementor-widget elementor-widget-image\" data-id=\"69c358c2\" data-element_type=\"widget\" data-e-type=\"widget\" data-widget_type=\"image.default\">\n\t\t\t\t<div class=\"elementor-widget-container\">\n\t\t\t\t\t\t\t\t\t\t\t\t\t\t\t<img fetchpriority=\"high\" decoding=\"async\" width=\"960\" height=\"1024\" src=\"https:\/\/nscidiomas.com\/wp-content\/uploads\/2025\/06\/traducciones-ingles-espanol-960x1024.jpg\" class=\"attachment-large size-large wp-image-7004\" alt=\"traducciones ingles espa\u00f1ol\" srcset=\"https:\/\/nscidiomas.com\/wp-content\/uploads\/2025\/06\/traducciones-ingles-espanol-960x1024.jpg 960w, https:\/\/nscidiomas.com\/wp-content\/uploads\/2025\/06\/traducciones-ingles-espanol-281x300.jpg 281w, https:\/\/nscidiomas.com\/wp-content\/uploads\/2025\/06\/traducciones-ingles-espanol-768x819.jpg 768w, https:\/\/nscidiomas.com\/wp-content\/uploads\/2025\/06\/traducciones-ingles-espanol-1440x1536.jpg 1440w, https:\/\/nscidiomas.com\/wp-content\/uploads\/2025\/06\/traducciones-ingles-espanol-11x12.jpg 11w, https:\/\/nscidiomas.com\/wp-content\/uploads\/2025\/06\/traducciones-ingles-espanol-600x640.jpg 600w, https:\/\/nscidiomas.com\/wp-content\/uploads\/2025\/06\/traducciones-ingles-espanol-47x50.jpg 47w, https:\/\/nscidiomas.com\/wp-content\/uploads\/2025\/06\/traducciones-ingles-espanol.jpg 1500w\" sizes=\"(max-width: 960px) 100vw, 960px\" \/>\t\t\t\t\t\t\t\t\t\t\t\t\t\t\t<\/div>\n\t\t\t\t<\/div>\n\t\t\t\t<\/div>\n\t\t<div class=\"elementor-element elementor-element-12842d17 e-con-full e-flex e-con e-child\" data-id=\"12842d17\" data-element_type=\"container\" data-e-type=\"container\">\n\t\t\t\t<div class=\"elementor-element elementor-element-4771d660 elementor-widget elementor-widget-heading\" data-id=\"4771d660\" data-element_type=\"widget\" data-e-type=\"widget\" data-widget_type=\"heading.default\">\n\t\t\t\t<div class=\"elementor-widget-container\">\n\t\t\t\t\t<h2 class=\"elementor-heading-title elementor-size-default\">Traducciones P\u00fablicas Ingl\u00e9s - Espa\u00f1ol<\/h2>\t\t\t\t<\/div>\n\t\t\t\t<\/div>\n\t\t\t\t<div class=\"elementor-element elementor-element-d48d6c0 elementor-widget elementor-widget-heading\" data-id=\"d48d6c0\" data-element_type=\"widget\" data-e-type=\"widget\" data-widget_type=\"heading.default\">\n\t\t\t\t<div class=\"elementor-widget-container\">\n\t\t\t\t\t<h4 class=\"elementor-heading-title elementor-size-default\">What is a certified translation?<\/h4>\t\t\t\t<\/div>\n\t\t\t\t<\/div>\n\t\t\t\t<div class=\"elementor-element elementor-element-100edee1 elementor-widget elementor-widget-text-editor\" data-id=\"100edee1\" data-element_type=\"widget\" data-e-type=\"widget\" data-widget_type=\"text-editor.default\">\n\t\t\t\t<div class=\"elementor-widget-container\">\n\t\t\t\t\t\t\t\t\t<p>Las traducciones p\u00fablicas son aquellas que realizan los Traductores P\u00fablicos matriculados en el Colegio de Traductores P\u00fablicos. Por medio de la firma y el sello los traductores dan fe de la traducci\u00f3n y se hacen responsables legal y penalmente por su trabajo. Adem\u00e1s, existe un fallo que establece que las traducciones p\u00fablicas son instrumentos p\u00fablicos.<\/p><p>Para que una traducci\u00f3n p\u00fablica sea v\u00e1lida es necesario que cumpla con una serie de formalidades. En algunos casos, tambi\u00e9n debe llevar la Apostilla de la Haya o se debe legalizar ante el Colegio de Traductores P\u00fablicos.<\/p>\t\t\t\t\t\t\t\t<\/div>\n\t\t\t\t<\/div>\n\t\t\t\t<\/div>\n\t\t\t\t\t<\/div>\n\t\t\t\t<\/div>\n\t\t<div class=\"elementor-element elementor-element-7abbb20 e-flex e-con-boxed e-con e-parent\" data-id=\"7abbb20\" data-element_type=\"container\" data-e-type=\"container\">\n\t\t\t\t\t<div class=\"e-con-inner\">\n\t\t\t\t<div class=\"elementor-element elementor-element-804f575 elementor-widget elementor-widget-heading\" data-id=\"804f575\" data-element_type=\"widget\" data-e-type=\"widget\" data-widget_type=\"heading.default\">\n\t\t\t\t<div class=\"elementor-widget-container\">\n\t\t\t\t\t<h3 class=\"elementor-heading-title elementor-size-default\">\u00bfQu\u00e9 documentos requieren de una traducci\u00f3n p\u00fablica?<\/h3>\t\t\t\t<\/div>\n\t\t\t\t<\/div>\n\t\t\t\t<div class=\"elementor-element elementor-element-5bd2531 elementor-widget elementor-widget-text-editor\" data-id=\"5bd2531\" data-element_type=\"widget\" data-e-type=\"widget\" data-widget_type=\"text-editor.default\">\n\t\t\t\t<div class=\"elementor-widget-container\">\n\t\t\t\t\t\t\t\t\t<p style=\"font-weight: 400;\">Licencias, actas, certificados, contratos, diplomas, documentos, escrituras, estados contables, estatutos, estudios y documentos t\u00e9cnicos, exhortos, fallos, papeles de comercio, partidas, pasaportes, patentes de invenci\u00f3n, propiedad intelectual, derechos de autor, poderes, sentencias, licitaciones, inventarios, escritos judiciales, notificaciones de demanda, c\u00e9dulas, traslados, actas de matrimonio, divorcio, separaci\u00f3n de bienes, partidas de nacimiento, certificados de defunci\u00f3n, documentos inmobiliarios, seguros, etc.<\/p><p style=\"font-weight: 400;\">\u00a0<\/p>\t\t\t\t\t\t\t\t<\/div>\n\t\t\t\t<\/div>\n\t\t\t\t<div class=\"elementor-element elementor-element-8ea488b elementor-widget elementor-widget-heading\" data-id=\"8ea488b\" data-element_type=\"widget\" data-e-type=\"widget\" data-widget_type=\"heading.default\">\n\t\t\t\t<div class=\"elementor-widget-container\">\n\t\t\t\t\t<h3 class=\"elementor-heading-title elementor-size-default\">\u00bfLos documentos con traducci\u00f3n p\u00fablica requieren apostilla?<\/h3>\t\t\t\t<\/div>\n\t\t\t\t<\/div>\n\t\t\t\t<div class=\"elementor-element elementor-element-2447b6d elementor-widget elementor-widget-text-editor\" data-id=\"2447b6d\" data-element_type=\"widget\" data-e-type=\"widget\" data-widget_type=\"text-editor.default\">\n\t\t\t\t<div class=\"elementor-widget-container\">\n\t\t\t\t\t\t\t\t\t<p>En ese caso, el tramite de la apostilla se suele realizar antes de traducir. Luego, se traduce y legaliza en el Colegio de Traductores P\u00fablicos (ya sea de la Ciudad de Buenos Aires o de las provincias correspondientes). Y en algunos casos, tambi\u00e9n se recomienda apostillar la traducci\u00f3n p\u00fablica.<\/p><p>\u00a0<\/p><p>Para saber c\u00f3mo se realiza el tramite de la apostilla en Argentina te dejamos este\u00a0<a href=\"https:\/\/nscidiomas.com\/es\/novedad\/como-tramitar-la-apostilla-en-argentina-174.php\">link<\/a>.<\/p><p>Para solicitar presupuesto o pedir asesoramiento escrib\u00ednos por\u00a0<a href=\"mailto:info@nscidiomas.com\">e-mail<\/a>\u00a0or call us at\u00a0<a href=\"tel:+541139450205\">1539450205<\/a>.<\/p>\t\t\t\t\t\t\t\t<\/div>\n\t\t\t\t<\/div>\n\t\t\t\t\t<\/div>\n\t\t\t\t<\/div>\n\t\t<div class=\"elementor-element elementor-element-3233055b e-flex e-con-boxed e-con e-parent\" data-id=\"3233055b\" data-element_type=\"container\" data-e-type=\"container\" data-settings=\"{&quot;background_background&quot;:&quot;classic&quot;}\">\n\t\t\t\t\t<div class=\"e-con-inner\">\n\t\t\t\t<div class=\"elementor-element elementor-element-5400fe12 elementor-invisible elementor-widget elementor-widget-image\" data-id=\"5400fe12\" data-element_type=\"widget\" data-e-type=\"widget\" data-settings=\"{&quot;_animation&quot;:&quot;fadeInDown&quot;}\" data-widget_type=\"image.default\">\n\t\t\t\t<div class=\"elementor-widget-container\">\n\t\t\t\t\t\t\t\t\t\t\t\t\t\t\t<img decoding=\"async\" width=\"290\" height=\"379\" src=\"https:\/\/nscidiomas.com\/wp-content\/uploads\/2025\/06\/natalia-footer-2.png\" class=\"attachment-large size-large wp-image-6899\" alt=\"Natalia\" srcset=\"https:\/\/nscidiomas.com\/wp-content\/uploads\/2025\/06\/natalia-footer-2.png 290w, https:\/\/nscidiomas.com\/wp-content\/uploads\/2025\/06\/natalia-footer-2-230x300.png 230w, https:\/\/nscidiomas.com\/wp-content\/uploads\/2025\/06\/natalia-footer-2-9x12.png 9w, https:\/\/nscidiomas.com\/wp-content\/uploads\/2025\/06\/natalia-footer-2-38x50.png 38w\" sizes=\"(max-width: 290px) 100vw, 290px\" \/>\t\t\t\t\t\t\t\t\t\t\t\t\t\t\t<\/div>\n\t\t\t\t<\/div>\n\t\t\t\t\t<\/div>\n\t\t\t\t<\/div>\n\t\t<div class=\"elementor-element elementor-element-786479eb e-flex e-con-boxed e-con e-parent\" data-id=\"786479eb\" data-element_type=\"container\" data-e-type=\"container\" data-settings=\"{&quot;background_background&quot;:&quot;classic&quot;}\">\n\t\t\t\t\t<div class=\"e-con-inner\">\n\t\t<div class=\"elementor-element elementor-element-4d0f61a8 e-con-full e-flex e-con e-child\" data-id=\"4d0f61a8\" data-element_type=\"container\" data-e-type=\"container\">\n\t\t\t\t<div class=\"elementor-element elementor-element-4b35453f elementor-widget elementor-widget-image\" data-id=\"4b35453f\" data-element_type=\"widget\" data-e-type=\"widget\" data-widget_type=\"image.default\">\n\t\t\t\t<div class=\"elementor-widget-container\">\n\t\t\t\t\t\t\t\t\t\t\t\t\t\t\t<img decoding=\"async\" width=\"500\" height=\"500\" src=\"https:\/\/nscidiomas.com\/wp-content\/uploads\/2025\/06\/LOGOTIPO-DE-NSC-IDIOMAS-1.png\" class=\"attachment-large size-large wp-image-6901\" alt=\"\" srcset=\"https:\/\/nscidiomas.com\/wp-content\/uploads\/2025\/06\/LOGOTIPO-DE-NSC-IDIOMAS-1.png 500w, https:\/\/nscidiomas.com\/wp-content\/uploads\/2025\/06\/LOGOTIPO-DE-NSC-IDIOMAS-1-300x300.png 300w, https:\/\/nscidiomas.com\/wp-content\/uploads\/2025\/06\/LOGOTIPO-DE-NSC-IDIOMAS-1-150x150.png 150w, https:\/\/nscidiomas.com\/wp-content\/uploads\/2025\/06\/LOGOTIPO-DE-NSC-IDIOMAS-1-12x12.png 12w, https:\/\/nscidiomas.com\/wp-content\/uploads\/2025\/06\/LOGOTIPO-DE-NSC-IDIOMAS-1-100x100.png 100w, https:\/\/nscidiomas.com\/wp-content\/uploads\/2025\/06\/LOGOTIPO-DE-NSC-IDIOMAS-1-50x50.png 50w\" sizes=\"(max-width: 500px) 100vw, 500px\" \/>\t\t\t\t\t\t\t\t\t\t\t\t\t\t\t<\/div>\n\t\t\t\t<\/div>\n\t\t\t\t<\/div>\n\t\t<div class=\"elementor-element elementor-element-a0fdf23 e-con-full e-flex e-con e-child\" data-id=\"a0fdf23\" data-element_type=\"container\" data-e-type=\"container\">\n\t\t\t\t<div class=\"elementor-element elementor-element-45104d57 elementor-widget elementor-widget-heading\" data-id=\"45104d57\" data-element_type=\"widget\" data-e-type=\"widget\" data-widget_type=\"heading.default\">\n\t\t\t\t<div class=\"elementor-widget-container\">\n\t\t\t\t\t<h2 class=\"elementor-heading-title elementor-size-default\">LINKS<\/h2>\t\t\t\t<\/div>\n\t\t\t\t<\/div>\n\t\t\t\t<div class=\"elementor-element elementor-element-77016c5a elementor-widget elementor-widget-text-editor\" data-id=\"77016c5a\" data-element_type=\"widget\" data-e-type=\"widget\" data-widget_type=\"text-editor.default\">\n\t\t\t\t<div class=\"elementor-widget-container\">\n\t\t\t\t\t\t\t\t\t<p><a href=\"https:\/\/nscidiomas.com\/en\/contacto\/\">Contact<\/a><\/p>\n<p><a href=\"https:\/\/nscidiomas.com\/en\/politicas-de-pago-y-cancelacion-de-clases\/\">Payment policy<\/a><\/p>\n<p><a href=\"https:\/\/nscidiomas.com\/en\/refunds-returns\/\">Terms and conditions<\/a><\/p>\n<p>\u00a0<\/p>\t\t\t\t\t\t\t\t<\/div>\n\t\t\t\t<\/div>\n\t\t\t\t<\/div>\n\t\t<div class=\"elementor-element elementor-element-b2e9f05 e-con-full e-flex e-con e-child\" data-id=\"b2e9f05\" data-element_type=\"container\" data-e-type=\"container\">\n\t\t\t\t<div class=\"elementor-element elementor-element-68326a82 elementor-widget elementor-widget-heading\" data-id=\"68326a82\" data-element_type=\"widget\" data-e-type=\"widget\" data-widget_type=\"heading.default\">\n\t\t\t\t<div class=\"elementor-widget-container\">\n\t\t\t\t\t<h2 class=\"elementor-heading-title elementor-size-default\">CONTACT US<\/h2>\t\t\t\t<\/div>\n\t\t\t\t<\/div>\n\t\t\t\t<div class=\"elementor-element elementor-element-2d62faf7 elementor-widget elementor-widget-text-editor\" data-id=\"2d62faf7\" data-element_type=\"widget\" data-e-type=\"widget\" data-widget_type=\"text-editor.default\">\n\t\t\t\t<div class=\"elementor-widget-container\">\n\t\t\t\t\t\t\t\t\t<p><a href=\"https:\/\/wa.me\/1139450205\" target=\"_blank\" rel=\"noopener\">WhatsApp<\/a><\/p>\n<p><span style=\"color: #ffffff;\">Info@nscidiomas.com<\/span><\/p>\n<p>\u00a0<\/p>\n<p>\u00a0<\/p>\t\t\t\t\t\t\t\t<\/div>\n\t\t\t\t<\/div>\n\t\t\t\t<\/div>\n\t\t<div class=\"elementor-element elementor-element-537f23f8 e-con-full e-flex e-con e-child\" data-id=\"537f23f8\" data-element_type=\"container\" data-e-type=\"container\">\n\t\t\t\t<div class=\"elementor-element elementor-element-13fefa7a elementor-widget elementor-widget-heading\" data-id=\"13fefa7a\" data-element_type=\"widget\" data-e-type=\"widget\" data-widget_type=\"heading.default\">\n\t\t\t\t<div class=\"elementor-widget-container\">\n\t\t\t\t\t<h2 class=\"elementor-heading-title elementor-size-default\">FOLLOW US<\/h2>\t\t\t\t<\/div>\n\t\t\t\t<\/div>\n\t\t\t\t<div class=\"elementor-element elementor-element-36549853 elementor-shape-rounded elementor-grid-0 e-grid-align-center elementor-widget elementor-widget-social-icons\" data-id=\"36549853\" data-element_type=\"widget\" data-e-type=\"widget\" data-widget_type=\"social-icons.default\">\n\t\t\t\t<div class=\"elementor-widget-container\">\n\t\t\t\t\t\t\t<div class=\"elementor-social-icons-wrapper elementor-grid\" role=\"list\">\n\t\t\t\t\t\t\t<span class=\"elementor-grid-item\" role=\"listitem\">\n\t\t\t\t\t<a class=\"elementor-icon elementor-social-icon elementor-social-icon-instagram elementor-repeater-item-c6811cf\" href=\"https:\/\/www.instagram.com\/nscidiomas.ok\/\" target=\"_blank\" rel=\"noopener\">\n\t\t\t\t\t\t<span class=\"elementor-screen-only\">Instagram<\/span>\n\t\t\t\t\t\t<svg aria-hidden=\"true\" class=\"e-font-icon-svg e-fab-instagram\" viewbox=\"0 0 448 512\" xmlns=\"http:\/\/www.w3.org\/2000\/svg\"><path d=\"M224.1 141c-63.6 0-114.9 51.3-114.9 114.9s51.3 114.9 114.9 114.9S339 319.5 339 255.9 287.7 141 224.1 141zm0 189.6c-41.1 0-74.7-33.5-74.7-74.7s33.5-74.7 74.7-74.7 74.7 33.5 74.7 74.7-33.6 74.7-74.7 74.7zm146.4-194.3c0 14.9-12 26.8-26.8 26.8-14.9 0-26.8-12-26.8-26.8s12-26.8 26.8-26.8 26.8 12 26.8 26.8zm76.1 27.2c-1.7-35.9-9.9-67.7-36.2-93.9-26.2-26.2-58-34.4-93.9-36.2-37-2.1-147.9-2.1-184.9 0-35.8 1.7-67.6 9.9-93.9 36.1s-34.4 58-36.2 93.9c-2.1 37-2.1 147.9 0 184.9 1.7 35.9 9.9 67.7 36.2 93.9s58 34.4 93.9 36.2c37 2.1 147.9 2.1 184.9 0 35.9-1.7 67.7-9.9 93.9-36.2 26.2-26.2 34.4-58 36.2-93.9 2.1-37 2.1-147.8 0-184.8zM398.8 388c-7.8 19.6-22.9 34.7-42.6 42.6-29.5 11.7-99.5 9-132.1 9s-102.7 2.6-132.1-9c-19.6-7.8-34.7-22.9-42.6-42.6-11.7-29.5-9-99.5-9-132.1s-2.6-102.7 9-132.1c7.8-19.6 22.9-34.7 42.6-42.6 29.5-11.7 99.5-9 132.1-9s102.7-2.6 132.1 9c19.6 7.8 34.7 22.9 42.6 42.6 11.7 29.5 9 99.5 9 132.1s2.7 102.7-9 132.1z\"><\/path><\/svg>\t\t\t\t\t<\/a>\n\t\t\t\t<\/span>\n\t\t\t\t\t\t\t<span class=\"elementor-grid-item\" role=\"listitem\">\n\t\t\t\t\t<a class=\"elementor-icon elementor-social-icon elementor-social-icon-facebook elementor-repeater-item-169b901\" href=\"https:\/\/www.facebook.com\/nscidiomas\" target=\"_blank\" rel=\"noopener\">\n\t\t\t\t\t\t<span class=\"elementor-screen-only\">Facebook<\/span>\n\t\t\t\t\t\t<svg aria-hidden=\"true\" class=\"e-font-icon-svg e-fab-facebook\" viewbox=\"0 0 512 512\" xmlns=\"http:\/\/www.w3.org\/2000\/svg\"><path d=\"M504 256C504 119 393 8 256 8S8 119 8 256c0 123.78 90.69 226.38 209.25 245V327.69h-63V256h63v-54.64c0-62.15 37-96.48 93.67-96.48 27.14 0 55.52 4.84 55.52 4.84v61h-31.28c-30.8 0-40.41 19.12-40.41 38.73V256h68.78l-11 71.69h-57.78V501C413.31 482.38 504 379.78 504 256z\"><\/path><\/svg>\t\t\t\t\t<\/a>\n\t\t\t\t<\/span>\n\t\t\t\t\t\t\t<span class=\"elementor-grid-item\" role=\"listitem\">\n\t\t\t\t\t<a class=\"elementor-icon elementor-social-icon elementor-social-icon-x-twitter elementor-repeater-item-467493e\" target=\"_blank\">\n\t\t\t\t\t\t<span class=\"elementor-screen-only\">X-twitter<\/span>\n\t\t\t\t\t\t<svg aria-hidden=\"true\" class=\"e-font-icon-svg e-fab-x-twitter\" viewbox=\"0 0 512 512\" xmlns=\"http:\/\/www.w3.org\/2000\/svg\"><path d=\"M389.2 48h70.6L305.6 224.2 487 464H345L233.7 318.6 106.5 464H35.8L200.7 275.5 26.8 48H172.4L272.9 180.9 389.2 48zM364.4 421.8h39.1L151.1 88h-42L364.4 421.8z\"><\/path><\/svg>\t\t\t\t\t<\/a>\n\t\t\t\t<\/span>\n\t\t\t\t\t<\/div>\n\t\t\t\t\t\t<\/div>\n\t\t\t\t<\/div>\n\t\t\t\t<\/div>\n\t\t\t\t\t<\/div>\n\t\t\t\t<\/div>\n\t\t\t\t<\/div>","protected":false},"excerpt":{"rendered":"<p>Traducciones P\u00fablicas Ingl\u00e9s &#8211; Espa\u00f1ol \u00bfQu\u00e9 es una traducci\u00f3n p\u00fablica? Las traducciones p\u00fablicas son aquellas que realizan los Traductores P\u00fablicos [&hellip;]<\/p>\n","protected":false},"author":2,"featured_media":0,"parent":0,"menu_order":0,"comment_status":"closed","ping_status":"closed","template":"","meta":{"_eb_attr":"","_uag_custom_page_level_css":"","site-sidebar-layout":"no-sidebar","site-content-layout":"","ast-site-content-layout":"full-width-container","site-content-style":"default","site-sidebar-style":"default","ast-global-header-display":"","ast-banner-title-visibility":"","ast-main-header-display":"","ast-hfb-above-header-display":"","ast-hfb-below-header-display":"","ast-hfb-mobile-header-display":"","site-post-title":"disabled","ast-breadcrumbs-content":"","ast-featured-img":"disabled","footer-sml-layout":"","ast-disable-related-posts":"","theme-transparent-header-meta":"","adv-header-id-meta":"","stick-header-meta":"","header-above-stick-meta":"","header-main-stick-meta":"","header-below-stick-meta":"","astra-migrate-meta-layouts":"default","ast-page-background-enabled":"default","ast-page-background-meta":{"desktop":{"background-color":"var(--ast-global-color-4)","background-image":"","background-repeat":"repeat","background-position":"center center","background-size":"auto","background-attachment":"scroll","background-type":"","background-media":"","overlay-type":"","overlay-color":"","overlay-opacity":"","overlay-gradient":""},"tablet":{"background-color":"","background-image":"","background-repeat":"repeat","background-position":"center center","background-size":"auto","background-attachment":"scroll","background-type":"","background-media":"","overlay-type":"","overlay-color":"","overlay-opacity":"","overlay-gradient":""},"mobile":{"background-color":"","background-image":"","background-repeat":"repeat","background-position":"center center","background-size":"auto","background-attachment":"scroll","background-type":"","background-media":"","overlay-type":"","overlay-color":"","overlay-opacity":"","overlay-gradient":""}},"ast-content-background-meta":{"desktop":{"background-color":"var(--ast-global-color-5)","background-image":"","background-repeat":"repeat","background-position":"center center","background-size":"auto","background-attachment":"scroll","background-type":"","background-media":"","overlay-type":"","overlay-color":"","overlay-opacity":"","overlay-gradient":""},"tablet":{"background-color":"var(--ast-global-color-5)","background-image":"","background-repeat":"repeat","background-position":"center center","background-size":"auto","background-attachment":"scroll","background-type":"","background-media":"","overlay-type":"","overlay-color":"","overlay-opacity":"","overlay-gradient":""},"mobile":{"background-color":"var(--ast-global-color-5)","background-image":"","background-repeat":"repeat","background-position":"center center","background-size":"auto","background-attachment":"scroll","background-type":"","background-media":"","overlay-type":"","overlay-color":"","overlay-opacity":"","overlay-gradient":""}},"_joinchat":[],"footnotes":""},"class_list":["post-6228","page","type-page","status-publish","hentry"],"uagb_featured_image_src":{"full":false,"thumbnail":false,"medium":false,"medium_large":false,"large":false,"1536x1536":false,"2048x2048":false,"trp-custom-language-flag":false,"woocommerce_thumbnail":false,"woocommerce_single":false,"woocommerce_gallery_thumbnail":false},"uagb_author_info":{"display_name":"Natalia","author_link":"https:\/\/nscidiomas.com\/en\/author\/c1502373\/"},"uagb_comment_info":0,"uagb_excerpt":"Traducciones P\u00fablicas Ingl\u00e9s &#8211; Espa\u00f1ol \u00bfQu\u00e9 es una traducci\u00f3n p\u00fablica? Las traducciones p\u00fablicas son aquellas que realizan los Traductores P\u00fablicos [&hellip;]","_links":{"self":[{"href":"https:\/\/nscidiomas.com\/en\/wp-json\/wp\/v2\/pages\/6228","targetHints":{"allow":["GET"]}}],"collection":[{"href":"https:\/\/nscidiomas.com\/en\/wp-json\/wp\/v2\/pages"}],"about":[{"href":"https:\/\/nscidiomas.com\/en\/wp-json\/wp\/v2\/types\/page"}],"author":[{"embeddable":true,"href":"https:\/\/nscidiomas.com\/en\/wp-json\/wp\/v2\/users\/2"}],"replies":[{"embeddable":true,"href":"https:\/\/nscidiomas.com\/en\/wp-json\/wp\/v2\/comments?post=6228"}],"version-history":[{"count":0,"href":"https:\/\/nscidiomas.com\/en\/wp-json\/wp\/v2\/pages\/6228\/revisions"}],"wp:attachment":[{"href":"https:\/\/nscidiomas.com\/en\/wp-json\/wp\/v2\/media?parent=6228"}],"curies":[{"name":"wp","href":"https:\/\/api.w.org\/{rel}","templated":true}]}}