{"id":6349,"date":"2025-05-27T01:12:13","date_gmt":"2025-05-26T22:12:13","guid":{"rendered":"https:\/\/nscidiomas.com\/?page_id=6349"},"modified":"2026-03-10T07:16:25","modified_gmt":"2026-03-10T04:16:25","slug":"blog","status":"publish","type":"page","link":"https:\/\/nscidiomas.com\/en\/blog\/","title":{"rendered":"Blog"},"content":{"rendered":"<div data-elementor-type=\"wp-page\" data-elementor-id=\"6349\" class=\"elementor elementor-6349\">\n\t\t\t\t<div class=\"elementor-element elementor-element-2c3ba34 e-con-full e-flex e-con e-parent\" data-id=\"2c3ba34\" data-element_type=\"container\" data-e-type=\"container\">\n\t\t\t\t<div class=\"elementor-element elementor-element-aeda80d elementor-widget elementor-widget-slides\" data-id=\"aeda80d\" data-element_type=\"widget\" data-e-type=\"widget\" data-widget_type=\"slides.default\">\n\t\t\t\t<div class=\"elementor-widget-container\">\n\t\t\t\t\t \t\t\t\t<\/div>\n\t\t\t\t<\/div>\n\t\t\t\t<\/div>\n\t\t<div class=\"elementor-element elementor-element-6f67429 e-flex e-con-boxed e-con e-parent\" data-id=\"6f67429\" data-element_type=\"container\" data-e-type=\"container\">\n\t\t\t\t\t<div class=\"e-con-inner\">\n\t\t<div class=\"elementor-element elementor-element-f045c69 e-con-full e-flex e-con e-child\" data-id=\"f045c69\" data-element_type=\"container\" data-e-type=\"container\">\n\t\t\t\t<div class=\"elementor-element elementor-element-d72a537 elementor-widget elementor-widget-heading\" data-id=\"d72a537\" data-element_type=\"widget\" data-e-type=\"widget\" data-widget_type=\"heading.default\">\n\t\t\t\t<div class=\"elementor-widget-container\">\n\t\t\t\t\t<h2 class=\"elementor-heading-title elementor-size-default\">Blog NSC idiomas: Tu espacio para aprender sobre traducci\u00f3n, ingl\u00e9s jur\u00eddico, redacci\u00f3n jur\u00eddica y comunicaci\u00f3n profesionaL<\/h2>\t\t\t\t<\/div>\n\t\t\t\t<\/div>\n\t\t\t\t<div class=\"elementor-element elementor-element-0f021b2 elementor-widget elementor-widget-text-editor\" data-id=\"0f021b2\" data-element_type=\"widget\" data-e-type=\"widget\" data-widget_type=\"text-editor.default\">\n\t\t\t\t<div class=\"elementor-widget-container\">\n\t\t\t\t\t\t\t\t\t<p>Descubr\u00ed el espacio donde la pasi\u00f3n por el derecho y el idioma se encuentran.<br \/>Compartimos contenidos sobre traducci\u00f3n e ingl\u00e9s pensados para acompa\u00f1arte en tu formaci\u00f3n continua, mejorar tus habilidades ling\u00fc\u00edsticas y de comunicaci\u00f3n en ingl\u00e9s y espa\u00f1ol, y acercarte cada vez m\u00e1s a tus objetivos acad\u00e9micos o profesionales.<br \/>Todo lo que hemos aprendido en a\u00f1os de experiencia, ahora est\u00e1 al alcance de un clic. \u00a1Segu\u00ed aprendiendo con nosotros!<\/p>\t\t\t\t\t\t\t\t<\/div>\n\t\t\t\t<\/div>\n\t\t\t\t<\/div>\n\t\t<div class=\"elementor-element elementor-element-596a5b8 e-con-full e-flex e-con e-child\" data-id=\"596a5b8\" data-element_type=\"container\" data-e-type=\"container\">\n\t\t\t\t<div class=\"elementor-element elementor-element-0fa101c elementor-widget elementor-widget-image\" data-id=\"0fa101c\" data-element_type=\"widget\" data-e-type=\"widget\" data-widget_type=\"image.default\">\n\t\t\t\t<div class=\"elementor-widget-container\">\n\t\t\t\t\t\t\t\t\t\t\t\t\t\t\t<img fetchpriority=\"high\" decoding=\"async\" width=\"898\" height=\"1024\" src=\"https:\/\/nscidiomas.com\/wp-content\/uploads\/2025\/05\/foto-blog-898x1024.png\" class=\"attachment-large size-large wp-image-6360\" alt=\"\" srcset=\"https:\/\/nscidiomas.com\/wp-content\/uploads\/2025\/05\/foto-blog-898x1024.png 898w, https:\/\/nscidiomas.com\/wp-content\/uploads\/2025\/05\/foto-blog-263x300.png 263w, https:\/\/nscidiomas.com\/wp-content\/uploads\/2025\/05\/foto-blog-768x876.png 768w, https:\/\/nscidiomas.com\/wp-content\/uploads\/2025\/05\/foto-blog-11x12.png 11w, https:\/\/nscidiomas.com\/wp-content\/uploads\/2025\/05\/foto-blog-600x684.png 600w, https:\/\/nscidiomas.com\/wp-content\/uploads\/2025\/05\/foto-blog-44x50.png 44w, https:\/\/nscidiomas.com\/wp-content\/uploads\/2025\/05\/foto-blog.png 1280w\" sizes=\"(max-width: 898px) 100vw, 898px\" \/>\t\t\t\t\t\t\t\t\t\t\t\t\t\t\t<\/div>\n\t\t\t\t<\/div>\n\t\t\t\t<\/div>\n\t\t\t\t\t<\/div>\n\t\t\t\t<\/div>\n\t\t<div class=\"elementor-element elementor-element-1097288 e-flex e-con-boxed e-con e-parent\" data-id=\"1097288\" data-element_type=\"container\" data-e-type=\"container\">\n\t\t\t\t\t<div class=\"e-con-inner\">\n\t\t\t\t<div class=\"elementor-element elementor-element-54bb0a2 elementor-widget elementor-widget-html\" data-id=\"54bb0a2\" data-element_type=\"widget\" data-e-type=\"widget\" data-widget_type=\"html.default\">\n\t\t\t\t<div class=\"elementor-widget-container\">\n\t\t\t\t\t<iframe style=\"border-radius:12px\" \r\nsrc=\"https:\/\/open.spotify.com\/embed\/episode\/7jbOlNX6RadFxC9Nao424w?si=uBaQf8a5TDKe7Ol7_PD91w&t=76\"\r\nwidth=\"100%\" height=\"152\" frameborder=\"0\"\r\nallowfullscreen allow=\"autoplay; clipboard-write; encrypted-media; fullscreen; picture-in-picture\">\r\n<\/iframe>\t\t\t\t<\/div>\n\t\t\t\t<\/div>\n\t\t\t\t\t<\/div>\n\t\t\t\t<\/div>\n\t\t<div class=\"elementor-element elementor-element-d1bbd73 e-flex e-con-boxed e-con e-parent\" data-id=\"d1bbd73\" data-element_type=\"container\" data-e-type=\"container\">\n\t\t\t\t\t<div class=\"e-con-inner\">\n\t\t\t\t<div class=\"elementor-element elementor-element-83b134b elementor-widget elementor-widget-heading\" data-id=\"83b134b\" data-element_type=\"widget\" data-e-type=\"widget\" data-widget_type=\"heading.default\">\n\t\t\t\t<div class=\"elementor-widget-container\">\n\t\t\t\t\t<h2 class=\"elementor-heading-title elementor-size-default\">Lo m\u00e1s reciente: <\/h2>\t\t\t\t<\/div>\n\t\t\t\t<\/div>\n\t\t\t\t\t<\/div>\n\t\t\t\t<\/div>\n\t\t<div class=\"elementor-element elementor-element-4512cc0 e-flex e-con-boxed elementor-invisible e-con e-parent\" data-id=\"4512cc0\" data-element_type=\"container\" data-e-type=\"container\" data-settings=\"{&quot;animation&quot;:&quot;fadeInUp&quot;}\">\n\t\t\t\t\t<div class=\"e-con-inner\">\n\t\t\t\t<div class=\"elementor-element elementor-element-bca7afd elementor-widget elementor-widget-posts\" data-id=\"bca7afd\" data-element_type=\"widget\" data-e-type=\"widget\" data-widget_type=\"posts.cards\">\n\t\t\t\t<div class=\"elementor-widget-container\">\n\t\t\t\t\t \t\t\t\t<\/div>\n\t\t\t\t<\/div>\n\t\t\t\t\t<\/div>\n\t\t\t\t<\/div>\n\t\t<div class=\"elementor-element elementor-element-77e4526 e-flex e-con-boxed elementor-invisible e-con e-parent\" data-id=\"77e4526\" data-element_type=\"container\" data-e-type=\"container\" data-settings=\"{&quot;animation&quot;:&quot;fadeInUp&quot;}\">\n\t\t\t\t\t<div class=\"e-con-inner\">\n\t\t\t\t<div class=\"elementor-element elementor-element-5668b21 elementor-widget elementor-widget-heading\" data-id=\"5668b21\" data-element_type=\"widget\" data-e-type=\"widget\" data-widget_type=\"heading.default\">\n\t\t\t\t<div class=\"elementor-widget-container\">\n\t\t\t\t\t<h2 class=\"elementor-heading-title elementor-size-default\">Haz tu propia b\u00fasqueda<\/h2>\t\t\t\t<\/div>\n\t\t\t\t<\/div>\n\t\t\t\t\t<\/div>\n\t\t\t\t<\/div>\n\t\t<div class=\"elementor-element elementor-element-cb2b694 e-flex e-con-boxed e-con e-parent\" data-id=\"cb2b694\" data-element_type=\"container\" data-e-type=\"container\">\n\t\t\t\t\t<div class=\"e-con-inner\">\n\t\t\t\t<div class=\"elementor-element elementor-element-d2b46aa elementor-widget elementor-widget-search\" data-id=\"d2b46aa\" data-element_type=\"widget\" data-e-type=\"widget\" data-widget_type=\"search.default\">\n\t\t\t\t<div class=\"elementor-widget-container\">\n\t\t\t\t\t \t\t\t\t<\/div>\n\t\t\t\t<\/div>\n\t\t\t\t\t<\/div>\n\t\t\t\t<\/div>\n\t\t<div class=\"elementor-element elementor-element-1d29400b e-flex e-con-boxed e-con e-parent\" data-id=\"1d29400b\" data-element_type=\"container\" data-e-type=\"container\" data-settings=\"{&quot;background_background&quot;:&quot;gradient&quot;}\">\n\t\t\t\t\t<div class=\"e-con-inner\">\n\t\t<div class=\"elementor-element elementor-element-fec8c62 e-con-full e-flex e-con e-child\" data-id=\"fec8c62\" data-element_type=\"container\" data-e-type=\"container\">\n\t\t\t\t<div class=\"elementor-element elementor-element-2dcb6bd3 elementor-widget elementor-widget-heading\" data-id=\"2dcb6bd3\" data-element_type=\"widget\" data-e-type=\"widget\" data-widget_type=\"heading.default\">\n\t\t\t\t<div class=\"elementor-widget-container\">\n\t\t\t\t\t<h2 class=\"elementor-heading-title elementor-size-default\">Would you like to be the first to hear about our latest news?<\/h2>\t\t\t\t<\/div>\n\t\t\t\t<\/div>\n\t\t\t\t<div class=\"elementor-element elementor-element-3b3cfc24 elementor-widget elementor-widget-text-editor\" data-id=\"3b3cfc24\" data-element_type=\"widget\" data-e-type=\"widget\" data-widget_type=\"text-editor.default\">\n\t\t\t\t<div class=\"elementor-widget-container\">\n\t\t\t\t\t\t\t\t\t<p class=\"\" data-start=\"345\" data-end=\"492\">From new training courses to exclusive resources, <strong data-start=\"400\" data-end=\"491\">we always share the latest news with our community first via e-mail<\/strong>.<\/p><p class=\"\" data-start=\"494\" data-end=\"535\">\ud83d\udce9 <strong data-start=\"497\" data-end=\"535\">Join now and don't miss out on anything:<\/strong><\/p>\t\t\t\t\t\t\t\t<\/div>\n\t\t\t\t<\/div>\n\t\t\t\t<\/div>\n\t\t<div class=\"elementor-element elementor-element-33061049 e-con-full e-flex e-con e-child\" data-id=\"33061049\" data-element_type=\"container\" data-e-type=\"container\">\n\t\t\t\t<div class=\"elementor-element elementor-element-11e46925 elementor-widget elementor-widget-image\" data-id=\"11e46925\" data-element_type=\"widget\" data-e-type=\"widget\" data-widget_type=\"image.default\">\n\t\t\t\t<div class=\"elementor-widget-container\">\n\t\t\t\t\t\t\t\t\t\t\t\t\t\t\t<img decoding=\"async\" width=\"156\" height=\"125\" src=\"https:\/\/nscidiomas.com\/wp-content\/uploads\/2025\/05\/natalia-llamada-gif.gif\" class=\"attachment-large size-large wp-image-6267\" alt=\"contacto para los curso de ingles\" \/>\t\t\t\t\t\t\t\t\t\t\t\t\t\t\t<\/div>\n\t\t\t\t<\/div>\n\t\t\t\t<div class=\"elementor-element elementor-element-393acd96 elementor-widget elementor-widget-form\" data-id=\"393acd96\" data-element_type=\"widget\" data-e-type=\"widget\" data-widget_type=\"form.default\">\n\t\t\t\t<div class=\"elementor-widget-container\">\n\t\t\t\t\t \t\t\t\t<\/div>\n\t\t\t\t<\/div>\n\t\t\t\t<\/div>\n\t\t\t\t\t<\/div>\n\t\t\t\t<\/div>\n\t\t<div class=\"elementor-element elementor-element-64069f98 e-flex e-con-boxed e-con e-parent\" data-id=\"64069f98\" data-element_type=\"container\" data-e-type=\"container\" data-settings=\"{&quot;background_background&quot;:&quot;classic&quot;}\">\n\t\t\t\t\t<div class=\"e-con-inner\">\n\t\t\t\t<div class=\"elementor-element elementor-element-50962107 elementor-invisible elementor-widget elementor-widget-image\" data-id=\"50962107\" data-element_type=\"widget\" data-e-type=\"widget\" data-settings=\"{&quot;_animation&quot;:&quot;fadeInDown&quot;}\" data-widget_type=\"image.default\">\n\t\t\t\t<div class=\"elementor-widget-container\">\n\t\t\t\t\t\t\t\t\t\t\t\t\t\t\t<img decoding=\"async\" width=\"290\" height=\"379\" src=\"https:\/\/nscidiomas.com\/wp-content\/uploads\/2025\/06\/natalia-footer-2.png\" class=\"attachment-large size-large wp-image-6899\" alt=\"Natalia\" srcset=\"https:\/\/nscidiomas.com\/wp-content\/uploads\/2025\/06\/natalia-footer-2.png 290w, https:\/\/nscidiomas.com\/wp-content\/uploads\/2025\/06\/natalia-footer-2-230x300.png 230w, https:\/\/nscidiomas.com\/wp-content\/uploads\/2025\/06\/natalia-footer-2-9x12.png 9w, https:\/\/nscidiomas.com\/wp-content\/uploads\/2025\/06\/natalia-footer-2-38x50.png 38w\" sizes=\"(max-width: 290px) 100vw, 290px\" \/>\t\t\t\t\t\t\t\t\t\t\t\t\t\t\t<\/div>\n\t\t\t\t<\/div>\n\t\t\t\t\t<\/div>\n\t\t\t\t<\/div>\n\t\t<div class=\"elementor-element elementor-element-24f7d6ea e-flex e-con-boxed e-con e-parent\" data-id=\"24f7d6ea\" data-element_type=\"container\" data-e-type=\"container\" data-settings=\"{&quot;background_background&quot;:&quot;classic&quot;}\">\n\t\t\t\t\t<div class=\"e-con-inner\">\n\t\t<div class=\"elementor-element elementor-element-7365851a e-con-full e-flex e-con e-child\" data-id=\"7365851a\" data-element_type=\"container\" data-e-type=\"container\">\n\t\t\t\t<div class=\"elementor-element elementor-element-589022d4 elementor-widget elementor-widget-image\" data-id=\"589022d4\" data-element_type=\"widget\" data-e-type=\"widget\" data-widget_type=\"image.default\">\n\t\t\t\t<div class=\"elementor-widget-container\">\n\t\t\t\t\t\t\t\t\t\t\t\t\t\t\t<img loading=\"lazy\" decoding=\"async\" width=\"500\" height=\"500\" src=\"https:\/\/nscidiomas.com\/wp-content\/uploads\/2025\/06\/LOGOTIPO-DE-NSC-IDIOMAS-1.png\" class=\"attachment-large size-large wp-image-6901\" alt=\"\" srcset=\"https:\/\/nscidiomas.com\/wp-content\/uploads\/2025\/06\/LOGOTIPO-DE-NSC-IDIOMAS-1.png 500w, https:\/\/nscidiomas.com\/wp-content\/uploads\/2025\/06\/LOGOTIPO-DE-NSC-IDIOMAS-1-300x300.png 300w, https:\/\/nscidiomas.com\/wp-content\/uploads\/2025\/06\/LOGOTIPO-DE-NSC-IDIOMAS-1-150x150.png 150w, https:\/\/nscidiomas.com\/wp-content\/uploads\/2025\/06\/LOGOTIPO-DE-NSC-IDIOMAS-1-12x12.png 12w, https:\/\/nscidiomas.com\/wp-content\/uploads\/2025\/06\/LOGOTIPO-DE-NSC-IDIOMAS-1-100x100.png 100w, https:\/\/nscidiomas.com\/wp-content\/uploads\/2025\/06\/LOGOTIPO-DE-NSC-IDIOMAS-1-50x50.png 50w\" sizes=\"(max-width: 500px) 100vw, 500px\" \/>\t\t\t\t\t\t\t\t\t\t\t\t\t\t\t<\/div>\n\t\t\t\t<\/div>\n\t\t\t\t<\/div>\n\t\t<div class=\"elementor-element elementor-element-59d5ad41 e-con-full e-flex e-con e-child\" data-id=\"59d5ad41\" data-element_type=\"container\" data-e-type=\"container\">\n\t\t\t\t<div class=\"elementor-element elementor-element-9a94b45 elementor-widget elementor-widget-heading\" data-id=\"9a94b45\" data-element_type=\"widget\" data-e-type=\"widget\" data-widget_type=\"heading.default\">\n\t\t\t\t<div class=\"elementor-widget-container\">\n\t\t\t\t\t<h2 class=\"elementor-heading-title elementor-size-default\">LINKS<\/h2>\t\t\t\t<\/div>\n\t\t\t\t<\/div>\n\t\t\t\t<div class=\"elementor-element elementor-element-420edf81 elementor-widget elementor-widget-text-editor\" data-id=\"420edf81\" data-element_type=\"widget\" data-e-type=\"widget\" data-widget_type=\"text-editor.default\">\n\t\t\t\t<div class=\"elementor-widget-container\">\n\t\t\t\t\t\t\t\t\t<p><a href=\"https:\/\/nscidiomas.com\/en\/contacto\/\">Contact<\/a><\/p>\n<p><a href=\"https:\/\/nscidiomas.com\/en\/politicas-de-pago-y-cancelacion-de-clases\/\">Payment policy<\/a><\/p>\n<p><a href=\"https:\/\/nscidiomas.com\/en\/refunds-returns\/\">Terms and conditions<\/a><\/p>\n<p>\u00a0<\/p>\t\t\t\t\t\t\t\t<\/div>\n\t\t\t\t<\/div>\n\t\t\t\t<\/div>\n\t\t<div class=\"elementor-element elementor-element-39784273 e-con-full e-flex e-con e-child\" data-id=\"39784273\" data-element_type=\"container\" data-e-type=\"container\">\n\t\t\t\t<div class=\"elementor-element elementor-element-3dc90607 elementor-widget elementor-widget-heading\" data-id=\"3dc90607\" data-element_type=\"widget\" data-e-type=\"widget\" data-widget_type=\"heading.default\">\n\t\t\t\t<div class=\"elementor-widget-container\">\n\t\t\t\t\t<h2 class=\"elementor-heading-title elementor-size-default\">CONTACT US<\/h2>\t\t\t\t<\/div>\n\t\t\t\t<\/div>\n\t\t\t\t<div class=\"elementor-element elementor-element-52249a0f elementor-widget elementor-widget-text-editor\" data-id=\"52249a0f\" data-element_type=\"widget\" data-e-type=\"widget\" data-widget_type=\"text-editor.default\">\n\t\t\t\t<div class=\"elementor-widget-container\">\n\t\t\t\t\t\t\t\t\t<p><a href=\"https:\/\/wa.me\/1139450205\" target=\"_blank\" rel=\"noopener\">WhatsApp<\/a><\/p>\n<p><span style=\"color: #ffffff;\">Info@nscidiomas.com<\/span><\/p>\n<p>\u00a0<\/p>\n<p>\u00a0<\/p>\t\t\t\t\t\t\t\t<\/div>\n\t\t\t\t<\/div>\n\t\t\t\t<\/div>\n\t\t<div class=\"elementor-element elementor-element-6bff8f7c e-con-full e-flex e-con e-child\" data-id=\"6bff8f7c\" data-element_type=\"container\" data-e-type=\"container\">\n\t\t\t\t<div class=\"elementor-element elementor-element-413e69de elementor-widget elementor-widget-heading\" data-id=\"413e69de\" data-element_type=\"widget\" data-e-type=\"widget\" data-widget_type=\"heading.default\">\n\t\t\t\t<div class=\"elementor-widget-container\">\n\t\t\t\t\t<h2 class=\"elementor-heading-title elementor-size-default\">FOLLOW US<\/h2>\t\t\t\t<\/div>\n\t\t\t\t<\/div>\n\t\t\t\t<div class=\"elementor-element elementor-element-66ebfa84 elementor-shape-rounded elementor-grid-0 e-grid-align-center elementor-widget elementor-widget-social-icons\" data-id=\"66ebfa84\" data-element_type=\"widget\" data-e-type=\"widget\" data-widget_type=\"social-icons.default\">\n\t\t\t\t<div class=\"elementor-widget-container\">\n\t\t\t\t\t\t\t<div class=\"elementor-social-icons-wrapper elementor-grid\" role=\"list\">\n\t\t\t\t\t\t\t<span class=\"elementor-grid-item\" role=\"listitem\">\n\t\t\t\t\t<a class=\"elementor-icon elementor-social-icon elementor-social-icon-instagram elementor-repeater-item-c6811cf\" href=\"https:\/\/www.instagram.com\/nscidiomas.ok\/\" target=\"_blank\" rel=\"noopener\">\n\t\t\t\t\t\t<span class=\"elementor-screen-only\">Instagram<\/span>\n\t\t\t\t\t\t<svg aria-hidden=\"true\" class=\"e-font-icon-svg e-fab-instagram\" viewbox=\"0 0 448 512\" xmlns=\"http:\/\/www.w3.org\/2000\/svg\"><path d=\"M224.1 141c-63.6 0-114.9 51.3-114.9 114.9s51.3 114.9 114.9 114.9S339 319.5 339 255.9 287.7 141 224.1 141zm0 189.6c-41.1 0-74.7-33.5-74.7-74.7s33.5-74.7 74.7-74.7 74.7 33.5 74.7 74.7-33.6 74.7-74.7 74.7zm146.4-194.3c0 14.9-12 26.8-26.8 26.8-14.9 0-26.8-12-26.8-26.8s12-26.8 26.8-26.8 26.8 12 26.8 26.8zm76.1 27.2c-1.7-35.9-9.9-67.7-36.2-93.9-26.2-26.2-58-34.4-93.9-36.2-37-2.1-147.9-2.1-184.9 0-35.8 1.7-67.6 9.9-93.9 36.1s-34.4 58-36.2 93.9c-2.1 37-2.1 147.9 0 184.9 1.7 35.9 9.9 67.7 36.2 93.9s58 34.4 93.9 36.2c37 2.1 147.9 2.1 184.9 0 35.9-1.7 67.7-9.9 93.9-36.2 26.2-26.2 34.4-58 36.2-93.9 2.1-37 2.1-147.8 0-184.8zM398.8 388c-7.8 19.6-22.9 34.7-42.6 42.6-29.5 11.7-99.5 9-132.1 9s-102.7 2.6-132.1-9c-19.6-7.8-34.7-22.9-42.6-42.6-11.7-29.5-9-99.5-9-132.1s-2.6-102.7 9-132.1c7.8-19.6 22.9-34.7 42.6-42.6 29.5-11.7 99.5-9 132.1-9s102.7-2.6 132.1 9c19.6 7.8 34.7 22.9 42.6 42.6 11.7 29.5 9 99.5 9 132.1s2.7 102.7-9 132.1z\"><\/path><\/svg>\t\t\t\t\t<\/a>\n\t\t\t\t<\/span>\n\t\t\t\t\t\t\t<span class=\"elementor-grid-item\" role=\"listitem\">\n\t\t\t\t\t<a class=\"elementor-icon elementor-social-icon elementor-social-icon-facebook elementor-repeater-item-169b901\" href=\"https:\/\/www.facebook.com\/nscidiomas\" target=\"_blank\" rel=\"noopener\">\n\t\t\t\t\t\t<span class=\"elementor-screen-only\">Facebook<\/span>\n\t\t\t\t\t\t<svg aria-hidden=\"true\" class=\"e-font-icon-svg e-fab-facebook\" viewbox=\"0 0 512 512\" xmlns=\"http:\/\/www.w3.org\/2000\/svg\"><path d=\"M504 256C504 119 393 8 256 8S8 119 8 256c0 123.78 90.69 226.38 209.25 245V327.69h-63V256h63v-54.64c0-62.15 37-96.48 93.67-96.48 27.14 0 55.52 4.84 55.52 4.84v61h-31.28c-30.8 0-40.41 19.12-40.41 38.73V256h68.78l-11 71.69h-57.78V501C413.31 482.38 504 379.78 504 256z\"><\/path><\/svg>\t\t\t\t\t<\/a>\n\t\t\t\t<\/span>\n\t\t\t\t\t\t\t<span class=\"elementor-grid-item\" role=\"listitem\">\n\t\t\t\t\t<a class=\"elementor-icon elementor-social-icon elementor-social-icon-x-twitter elementor-repeater-item-467493e\" target=\"_blank\">\n\t\t\t\t\t\t<span class=\"elementor-screen-only\">X-twitter<\/span>\n\t\t\t\t\t\t<svg aria-hidden=\"true\" class=\"e-font-icon-svg e-fab-x-twitter\" viewbox=\"0 0 512 512\" xmlns=\"http:\/\/www.w3.org\/2000\/svg\"><path d=\"M389.2 48h70.6L305.6 224.2 487 464H345L233.7 318.6 106.5 464H35.8L200.7 275.5 26.8 48H172.4L272.9 180.9 389.2 48zM364.4 421.8h39.1L151.1 88h-42L364.4 421.8z\"><\/path><\/svg>\t\t\t\t\t<\/a>\n\t\t\t\t<\/span>\n\t\t\t\t\t<\/div>\n\t\t\t\t\t\t<\/div>\n\t\t\t\t<\/div>\n\t\t\t\t<\/div>\n\t\t\t\t\t<\/div>\n\t\t\t\t<\/div>\n\t\t\t\t<\/div>","protected":false},"excerpt":{"rendered":"<p>Blog NSC idiomas: Tu espacio para aprender sobre traducci\u00f3n, ingl\u00e9s jur\u00eddico, redacci\u00f3n jur\u00eddica y comunicaci\u00f3n profesionaL Descubr\u00ed el espacio donde [&hellip;]<\/p>\n","protected":false},"author":14,"featured_media":0,"parent":0,"menu_order":0,"comment_status":"closed","ping_status":"closed","template":"","meta":{"_eb_attr":"","_uag_custom_page_level_css":"","site-sidebar-layout":"no-sidebar","site-content-layout":"","ast-site-content-layout":"full-width-container","site-content-style":"default","site-sidebar-style":"default","ast-global-header-display":"","ast-banner-title-visibility":"","ast-main-header-display":"","ast-hfb-above-header-display":"","ast-hfb-below-header-display":"","ast-hfb-mobile-header-display":"","site-post-title":"disabled","ast-breadcrumbs-content":"","ast-featured-img":"disabled","footer-sml-layout":"","ast-disable-related-posts":"","theme-transparent-header-meta":"","adv-header-id-meta":"","stick-header-meta":"","header-above-stick-meta":"","header-main-stick-meta":"","header-below-stick-meta":"","astra-migrate-meta-layouts":"default","ast-page-background-enabled":"default","ast-page-background-meta":{"desktop":{"background-color":"var(--ast-global-color-4)","background-image":"","background-repeat":"repeat","background-position":"center center","background-size":"auto","background-attachment":"scroll","background-type":"","background-media":"","overlay-type":"","overlay-color":"","overlay-opacity":"","overlay-gradient":""},"tablet":{"background-color":"","background-image":"","background-repeat":"repeat","background-position":"center center","background-size":"auto","background-attachment":"scroll","background-type":"","background-media":"","overlay-type":"","overlay-color":"","overlay-opacity":"","overlay-gradient":""},"mobile":{"background-color":"","background-image":"","background-repeat":"repeat","background-position":"center center","background-size":"auto","background-attachment":"scroll","background-type":"","background-media":"","overlay-type":"","overlay-color":"","overlay-opacity":"","overlay-gradient":""}},"ast-content-background-meta":{"desktop":{"background-color":"var(--ast-global-color-5)","background-image":"","background-repeat":"repeat","background-position":"center center","background-size":"auto","background-attachment":"scroll","background-type":"","background-media":"","overlay-type":"","overlay-color":"","overlay-opacity":"","overlay-gradient":""},"tablet":{"background-color":"var(--ast-global-color-5)","background-image":"","background-repeat":"repeat","background-position":"center center","background-size":"auto","background-attachment":"scroll","background-type":"","background-media":"","overlay-type":"","overlay-color":"","overlay-opacity":"","overlay-gradient":""},"mobile":{"background-color":"var(--ast-global-color-5)","background-image":"","background-repeat":"repeat","background-position":"center center","background-size":"auto","background-attachment":"scroll","background-type":"","background-media":"","overlay-type":"","overlay-color":"","overlay-opacity":"","overlay-gradient":""}},"_joinchat":[],"footnotes":""},"class_list":["post-6349","page","type-page","status-publish","hentry"],"uagb_featured_image_src":{"full":false,"thumbnail":false,"medium":false,"medium_large":false,"large":false,"1536x1536":false,"2048x2048":false,"trp-custom-language-flag":false,"woocommerce_thumbnail":false,"woocommerce_single":false,"woocommerce_gallery_thumbnail":false},"uagb_author_info":{"display_name":"Orlando Paredes","author_link":"https:\/\/nscidiomas.com\/en\/author\/orliparedes\/"},"uagb_comment_info":0,"uagb_excerpt":"Blog NSC idiomas: Tu espacio para aprender sobre traducci\u00f3n, ingl\u00e9s jur\u00eddico, redacci\u00f3n jur\u00eddica y comunicaci\u00f3n profesionaL Descubr\u00ed el espacio donde [&hellip;]","_links":{"self":[{"href":"https:\/\/nscidiomas.com\/en\/wp-json\/wp\/v2\/pages\/6349","targetHints":{"allow":["GET"]}}],"collection":[{"href":"https:\/\/nscidiomas.com\/en\/wp-json\/wp\/v2\/pages"}],"about":[{"href":"https:\/\/nscidiomas.com\/en\/wp-json\/wp\/v2\/types\/page"}],"author":[{"embeddable":true,"href":"https:\/\/nscidiomas.com\/en\/wp-json\/wp\/v2\/users\/14"}],"replies":[{"embeddable":true,"href":"https:\/\/nscidiomas.com\/en\/wp-json\/wp\/v2\/comments?post=6349"}],"version-history":[{"count":0,"href":"https:\/\/nscidiomas.com\/en\/wp-json\/wp\/v2\/pages\/6349\/revisions"}],"wp:attachment":[{"href":"https:\/\/nscidiomas.com\/en\/wp-json\/wp\/v2\/media?parent=6349"}],"curies":[{"name":"wp","href":"https:\/\/api.w.org\/{rel}","templated":true}]}}