{"id":20191,"date":"2026-03-26T06:35:02","date_gmt":"2026-03-26T03:35:02","guid":{"rendered":"https:\/\/nscidiomas.com\/?post_type=product&#038;p=20191"},"modified":"2026-03-28T01:55:14","modified_gmt":"2026-03-27T22:55:14","slug":"ebook-legal-drafting-in-english","status":"publish","type":"product","link":"https:\/\/nscidiomas.com\/en\/product\/ebook-legal-drafting-in-english\/","title":{"rendered":"E-book Legal Drafting in English"},"content":{"rendered":"<p class=\"isSelectedEnd\">Est\u00e1 enfocado en algo muy concreto:<\/p>\n<p class=\"isSelectedEnd\">que puedas escribir con claridad y precisi\u00f3n en contextos jur\u00eddicos.<\/p>\n<p class=\"isSelectedEnd\">Incluye:<\/p>\n<p class=\"isSelectedEnd\">&#x2714; 50 p\u00e1ginas estructuradas<br \/>\n&#x2714; ejemplos reales de escritura jur\u00eddica<br \/>\n&#x2714; explicaciones claras (sin enfoque acad\u00e9mico innecesario)<br \/>\n&#x2714; ejercicios para aplicar<\/p>\n<p>&#x1f381; Bonus:<br \/>\nUn case study donde reescribo una cl\u00e1usula de civil law para uso internacional.<\/p>\n<p data-start=\"942\" data-end=\"1124\">","protected":false},"excerpt":{"rendered":"<p>Ebook pr\u00e1ctico para mejorar redacci\u00f3n jur\u00eddica en ingl\u00e9s con claridad, precisi\u00f3n y criterio profesional. Incluye ejemplos reales, ejercicios y un <em>case study<\/em> aplicado.<\/p>","protected":false},"featured_media":20193,"comment_status":"open","ping_status":"closed","template":"","meta":{"_eb_attr":"","_uag_custom_page_level_css":"","site-sidebar-layout":"default","site-content-layout":"","ast-site-content-layout":"default","site-content-style":"default","site-sidebar-style":"default","ast-global-header-display":"","ast-banner-title-visibility":"","ast-main-header-display":"","ast-hfb-above-header-display":"","ast-hfb-below-header-display":"","ast-hfb-mobile-header-display":"","site-post-title":"","ast-breadcrumbs-content":"","ast-featured-img":"","footer-sml-layout":"","ast-disable-related-posts":"","theme-transparent-header-meta":"default","adv-header-id-meta":"","stick-header-meta":"","header-above-stick-meta":"","header-main-stick-meta":"","header-below-stick-meta":"","astra-migrate-meta-layouts":"set","ast-page-background-enabled":"default","ast-page-background-meta":{"desktop":{"background-color":"var(--ast-global-color-4)","background-image":"","background-repeat":"repeat","background-position":"center center","background-size":"auto","background-attachment":"scroll","background-type":"","background-media":"","overlay-type":"","overlay-color":"","overlay-opacity":"","overlay-gradient":""},"tablet":{"background-color":"","background-image":"","background-repeat":"repeat","background-position":"center center","background-size":"auto","background-attachment":"scroll","background-type":"","background-media":"","overlay-type":"","overlay-color":"","overlay-opacity":"","overlay-gradient":""},"mobile":{"background-color":"","background-image":"","background-repeat":"repeat","background-position":"center center","background-size":"auto","background-attachment":"scroll","background-type":"","background-media":"","overlay-type":"","overlay-color":"","overlay-opacity":"","overlay-gradient":""}},"ast-content-background-meta":{"desktop":{"background-color":"var(--ast-global-color-5)","background-image":"","background-repeat":"repeat","background-position":"center center","background-size":"auto","background-attachment":"scroll","background-type":"","background-media":"","overlay-type":"","overlay-color":"","overlay-opacity":"","overlay-gradient":""},"tablet":{"background-color":"var(--ast-global-color-5)","background-image":"","background-repeat":"repeat","background-position":"center center","background-size":"auto","background-attachment":"scroll","background-type":"","background-media":"","overlay-type":"","overlay-color":"","overlay-opacity":"","overlay-gradient":""},"mobile":{"background-color":"var(--ast-global-color-5)","background-image":"","background-repeat":"repeat","background-position":"center center","background-size":"auto","background-attachment":"scroll","background-type":"","background-media":"","overlay-type":"","overlay-color":"","overlay-opacity":"","overlay-gradient":""}},"_joinchat":[]},"product_brand":[],"product_cat":[232],"product_tag":[315,316,317],"class_list":{"0":"post-20191","1":"product","2":"type-product","3":"status-publish","4":"has-post-thumbnail","6":"product_cat-ingles-juridico","7":"product_tag-legal-writing","8":"product_tag-legal-writing-in-english","9":"product_tag-redaccion-juridica-en-ingles","10":"desktop-align-left","11":"tablet-align-left","12":"mobile-align-left","14":"first","15":"instock","16":"sale","17":"downloadable","18":"purchasable","19":"product-type-simple"},"uagb_featured_image_src":{"full":["https:\/\/nscidiomas.com\/wp-content\/uploads\/2026\/03\/legal-writing-in-english.jpg",403,569,false],"thumbnail":["https:\/\/nscidiomas.com\/wp-content\/uploads\/2026\/03\/legal-writing-in-english-150x150.jpg",150,150,true],"medium":["https:\/\/nscidiomas.com\/wp-content\/uploads\/2026\/03\/legal-writing-in-english-212x300.jpg",212,300,true],"medium_large":["https:\/\/nscidiomas.com\/wp-content\/uploads\/2026\/03\/legal-writing-in-english.jpg",403,569,false],"large":["https:\/\/nscidiomas.com\/wp-content\/uploads\/2026\/03\/legal-writing-in-english.jpg",403,569,false],"1536x1536":["https:\/\/nscidiomas.com\/wp-content\/uploads\/2026\/03\/legal-writing-in-english.jpg",403,569,false],"2048x2048":["https:\/\/nscidiomas.com\/wp-content\/uploads\/2026\/03\/legal-writing-in-english.jpg",403,569,false],"trp-custom-language-flag":["https:\/\/nscidiomas.com\/wp-content\/uploads\/2026\/03\/legal-writing-in-english-8x12.jpg",8,12,true],"woocommerce_thumbnail":["https:\/\/nscidiomas.com\/wp-content\/uploads\/2026\/03\/legal-writing-in-english-300x300.jpg",300,300,true],"woocommerce_single":["https:\/\/nscidiomas.com\/wp-content\/uploads\/2026\/03\/legal-writing-in-english.jpg",403,569,false],"woocommerce_gallery_thumbnail":["https:\/\/nscidiomas.com\/wp-content\/uploads\/2026\/03\/legal-writing-in-english-100x100.jpg",100,100,true]},"uagb_author_info":{"display_name":"Natalia","author_link":"https:\/\/nscidiomas.com\/en\/author\/"},"uagb_comment_info":0,"uagb_excerpt":"Ebook pr\u00e1ctico para mejorar redacci\u00f3n jur\u00eddica en ingl\u00e9s con claridad, precisi\u00f3n y criterio profesional. Incluye ejemplos reales, ejercicios y un case study aplicado.","_links":{"self":[{"href":"https:\/\/nscidiomas.com\/en\/wp-json\/wp\/v2\/product\/20191","targetHints":{"allow":["GET"]}}],"collection":[{"href":"https:\/\/nscidiomas.com\/en\/wp-json\/wp\/v2\/product"}],"about":[{"href":"https:\/\/nscidiomas.com\/en\/wp-json\/wp\/v2\/types\/product"}],"replies":[{"embeddable":true,"href":"https:\/\/nscidiomas.com\/en\/wp-json\/wp\/v2\/comments?post=20191"}],"wp:featuredmedia":[{"embeddable":true,"href":"https:\/\/nscidiomas.com\/en\/wp-json\/wp\/v2\/media\/20193"}],"wp:attachment":[{"href":"https:\/\/nscidiomas.com\/en\/wp-json\/wp\/v2\/media?parent=20191"}],"wp:term":[{"taxonomy":"product_brand","embeddable":true,"href":"https:\/\/nscidiomas.com\/en\/wp-json\/wp\/v2\/product_brand?post=20191"},{"taxonomy":"product_cat","embeddable":true,"href":"https:\/\/nscidiomas.com\/en\/wp-json\/wp\/v2\/product_cat?post=20191"},{"taxonomy":"product_tag","embeddable":true,"href":"https:\/\/nscidiomas.com\/en\/wp-json\/wp\/v2\/product_tag?post=20191"}],"curies":[{"name":"wp","href":"https:\/\/api.w.org\/{rel}","templated":true}]}}