{"id":2637,"date":"2024-09-23T20:31:00","date_gmt":"2024-09-23T17:31:00","guid":{"rendered":"http:\/\/nscidiomas.com\/?post_type=product&#038;p=2637"},"modified":"2026-02-14T07:30:45","modified_gmt":"2026-02-14T04:30:45","slug":"kit-de-armado-de-cv-y-carta-de-presentacion-en-ingles","status":"publish","type":"product","link":"https:\/\/nscidiomas.com\/en\/product\/kit-de-armado-de-cv-y-carta-de-presentacion-en-ingles\/","title":{"rendered":"Tu CV y entrevista laboral en ingl\u00e9s para postular a becas, empleos y universidades internacionales"},"content":{"rendered":"<div class=\"flex max-w-full flex-col flex-grow\">\n<div class=\"min-h-[20px] text-message flex w-full flex-col items-end gap-2 whitespace-normal break-words [.text-message+&amp;]:mt-5\" dir=\"auto\" data-message-author-role=\"assistant\" data-message-id=\"3708fc01-ef27-4187-b0c4-5568a9990d29\">\n<div class=\"flex w-full flex-col gap-1 empty:hidden first:pt-[3px]\">\n<div class=\"markdown prose w-full break-words dark:prose-invert light\">\n<p>\u00bfQuer\u00e9s destacarte en el mercado laboral internacional? En este curso pr\u00e1ctico, aprender\u00e1s a crear un CV en ingl\u00e9s que capte la atenci\u00f3n de reclutadores y empleadores. Acompa\u00f1ado de una gu\u00eda que<span style=\"font-size: 16px;\"> te va a ayudar a armar tu CV y carta de presentaci\u00f3n paso a paso en ingl\u00e9s seg\u00fan tu perfil para lograr una imagen profesional. Cuenta con m\u00e1s de 10 plantillas de CV diferentes para que elijas y 3 modelos de carta de presentaci\u00f3n.<\/span><\/p>\n<form class=\"cart\" action=\"http:\/\/nscidiomas.com\/producto\/kit-de-armado-de-cv-y-carta-de-presentacion-en-ingles\/\" enctype=\"multipart\/form-data\" method=\"post\">\n<div class=\"quantity\"><span style=\"font-size: 16px;\">\u00a1Dale un impulso a tu carrera con un CV que abre puertas en todo el mundo!<\/span><\/div>\n<div><\/div>\n<\/form>\n<h3>Caracter\u00edsticas destacadas:<\/h3>\n<ul>\n<li><strong>Video explicativo<\/strong>: Te voy a guiar paso a paso para que armes tu CV en ingl\u00e9s con \u00e9xito para tu candidatura remota.<\/li>\n<li><strong>Gu\u00eda paso a paso<\/strong>: El kit te acompa\u00f1a desde el principio, explicando c\u00f3mo estructurar tu CV y redactar una carta de presentaci\u00f3n en ingl\u00e9s de forma clara y eficaz. Cada secci\u00f3n est\u00e1 dise\u00f1ada para resaltar tus habilidades y experiencia, asegurando que tu perfil sea comprendido correctamente por empleadores angloparlantes.<\/li>\n<li><strong>Adaptaci\u00f3n seg\u00fan tu perfil<\/strong>: Tanto el CV como la carta de presentaci\u00f3n se pueden personalizar seg\u00fan tu \u00e1rea profesional y experiencia. Ya seas un joven profesional o alguien con a\u00f1os de experiencia, esta gu\u00eda se ajusta a diversos sectores y tipos de trabajo.<\/li>\n<li><strong>Plantillas y modelos<\/strong>: Incluye <strong>9 plantillas de CV<\/strong> y <strong>3 modelos de cartas de presentaci\u00f3n<\/strong>. Estas plantillas est\u00e1n dise\u00f1adas para diferentes estilos y sectores profesionales, lo que te brinda la flexibilidad de elegir el formato que mejor se alinee con tus objetivos laborales y el tipo de empresa a la que te postulas.<\/li>\n<li><strong>Postulaci\u00f3n por email<\/strong>: Adem\u00e1s de ayudarte a redactar tus documentos, el kit proporciona recomendaciones detalladas sobre c\u00f3mo enviar tu postulaci\u00f3n por correo electr\u00f3nico de forma profesional, desde el asunto del mensaje hasta el contenido del email, lo que puede aumentar tus probabilidades de \u00e9xito.<\/li>\n<li><strong>Recomendaciones pr\u00e1cticas<\/strong>: La gu\u00eda incluye consejos para evitar errores comunes y destacarte frente a otros candidatos. Esto te ayudar\u00e1 a incrementar tu competitividad en el mercado laboral internacional.<\/li>\n<\/ul>\n<p>En resumen, este kit es una herramienta esencial para quienes desean optimizar su presentaci\u00f3n profesional en ingl\u00e9s y asegurar que su CV y carta de presentaci\u00f3n cumplan con los est\u00e1ndares internacionales.<\/p>\n<\/div>\n<\/div>\n<\/div>\n<\/div>\n","protected":false},"excerpt":{"rendered":"<p>Esta gu\u00eda te va a ayudar a armar tu CV y carta de presentaci\u00f3n paso a paso en ingl\u00e9s seg\u00fan tu perfil. Te va a guiar desde el armado del CV y la carta de presentaci\u00f3n hasta la postulaci\u00f3n por mail para lograr una imagen profesional. Cuenta con m\u00e1s de 10 plantillas de CV diferentes para que elijas y 3 modelos de carta de presentaci\u00f3n. Adem\u00e1s de una gu\u00eda paso a paso con todas las recomendaciones.<\/p>","protected":false},"featured_media":3553,"comment_status":"open","ping_status":"closed","template":"","meta":{"_eb_attr":"","_uag_custom_page_level_css":"","site-sidebar-layout":"default","site-content-layout":"","ast-site-content-layout":"default","site-content-style":"default","site-sidebar-style":"default","ast-global-header-display":"","ast-banner-title-visibility":"","ast-main-header-display":"","ast-hfb-above-header-display":"","ast-hfb-below-header-display":"","ast-hfb-mobile-header-display":"","site-post-title":"disabled","ast-breadcrumbs-content":"","ast-featured-img":"","footer-sml-layout":"","ast-disable-related-posts":"","theme-transparent-header-meta":"default","adv-header-id-meta":"","stick-header-meta":"","header-above-stick-meta":"","header-main-stick-meta":"","header-below-stick-meta":"","astra-migrate-meta-layouts":"set","ast-page-background-enabled":"default","ast-page-background-meta":{"desktop":{"background-color":"var(--ast-global-color-4)","background-image":"","background-repeat":"repeat","background-position":"center center","background-size":"auto","background-attachment":"scroll","background-type":"","background-media":"","overlay-type":"","overlay-color":"","overlay-opacity":"","overlay-gradient":""},"tablet":{"background-color":"","background-image":"","background-repeat":"repeat","background-position":"center center","background-size":"auto","background-attachment":"scroll","background-type":"","background-media":"","overlay-type":"","overlay-color":"","overlay-opacity":"","overlay-gradient":""},"mobile":{"background-color":"","background-image":"","background-repeat":"repeat","background-position":"center center","background-size":"auto","background-attachment":"scroll","background-type":"","background-media":"","overlay-type":"","overlay-color":"","overlay-opacity":"","overlay-gradient":""}},"ast-content-background-meta":{"desktop":{"background-color":"var(--ast-global-color-5)","background-image":"","background-repeat":"repeat","background-position":"center center","background-size":"auto","background-attachment":"scroll","background-type":"","background-media":"","overlay-type":"","overlay-color":"","overlay-opacity":"","overlay-gradient":""},"tablet":{"background-color":"var(--ast-global-color-5)","background-image":"","background-repeat":"repeat","background-position":"center center","background-size":"auto","background-attachment":"scroll","background-type":"","background-media":"","overlay-type":"","overlay-color":"","overlay-opacity":"","overlay-gradient":""},"mobile":{"background-color":"var(--ast-global-color-5)","background-image":"","background-repeat":"repeat","background-position":"center center","background-size":"auto","background-attachment":"scroll","background-type":"","background-media":"","overlay-type":"","overlay-color":"","overlay-opacity":"","overlay-gradient":""}},"_joinchat":{"telephone":"+541139450205","message_text":"Hola\n\u00bfTenes dudas? Consultanos"}},"product_brand":[],"product_cat":[44],"product_tag":[43,42,58],"class_list":{"0":"post-2637","1":"product","2":"type-product","3":"status-publish","4":"has-post-thumbnail","6":"product_cat-cv-y-carta-de-presentacion-en-ingles","7":"product_tag-carta-de-presentacion-en-ingles","8":"product_tag-curriculum-vitae-en-ingles","9":"product_tag-cv-en-ingles","10":"desktop-align-left","11":"tablet-align-left","12":"mobile-align-left","14":"first","15":"instock","16":"virtual","17":"sold-individually","18":"purchasable","19":"product-type-simple"},"uagb_featured_image_src":{"full":["https:\/\/nscidiomas.com\/wp-content\/uploads\/2024\/10\/e-mails-en-ingles-scaled.jpg",2560,1440,false],"thumbnail":["https:\/\/nscidiomas.com\/wp-content\/uploads\/2024\/10\/e-mails-en-ingles-150x150.jpg",150,150,true],"medium":["https:\/\/nscidiomas.com\/wp-content\/uploads\/2024\/10\/e-mails-en-ingles-300x169.jpg",300,169,true],"medium_large":["https:\/\/nscidiomas.com\/wp-content\/uploads\/2024\/10\/e-mails-en-ingles-768x432.jpg",768,432,true],"large":["https:\/\/nscidiomas.com\/wp-content\/uploads\/2024\/10\/e-mails-en-ingles-1024x576.jpg",1024,576,true],"1536x1536":["https:\/\/nscidiomas.com\/wp-content\/uploads\/2024\/10\/e-mails-en-ingles-1536x864.jpg",1536,864,true],"2048x2048":["https:\/\/nscidiomas.com\/wp-content\/uploads\/2024\/10\/e-mails-en-ingles-2048x1152.jpg",2048,1152,true],"trp-custom-language-flag":["https:\/\/nscidiomas.com\/wp-content\/uploads\/2024\/10\/e-mails-en-ingles-18x10.jpg",18,10,true],"woocommerce_thumbnail":["https:\/\/nscidiomas.com\/wp-content\/uploads\/2024\/10\/e-mails-en-ingles-300x300.jpg",300,300,true],"woocommerce_single":["https:\/\/nscidiomas.com\/wp-content\/uploads\/2024\/10\/e-mails-en-ingles-600x338.jpg",600,338,true],"woocommerce_gallery_thumbnail":["https:\/\/nscidiomas.com\/wp-content\/uploads\/2024\/10\/e-mails-en-ingles-100x100.jpg",100,100,true]},"uagb_author_info":{"display_name":"Natalia","author_link":"https:\/\/nscidiomas.com\/en\/author\/"},"uagb_comment_info":0,"uagb_excerpt":"Esta gu\u00eda te va a ayudar a armar tu CV y carta de presentaci\u00f3n paso a paso en ingl\u00e9s seg\u00fan tu perfil. Te va a guiar desde el armado del CV y la carta de presentaci\u00f3n hasta la postulaci\u00f3n por mail para lograr una imagen profesional. Cuenta con m\u00e1s de 10 plantillas de CV diferentes&hellip;","_links":{"self":[{"href":"https:\/\/nscidiomas.com\/en\/wp-json\/wp\/v2\/product\/2637","targetHints":{"allow":["GET"]}}],"collection":[{"href":"https:\/\/nscidiomas.com\/en\/wp-json\/wp\/v2\/product"}],"about":[{"href":"https:\/\/nscidiomas.com\/en\/wp-json\/wp\/v2\/types\/product"}],"replies":[{"embeddable":true,"href":"https:\/\/nscidiomas.com\/en\/wp-json\/wp\/v2\/comments?post=2637"}],"wp:featuredmedia":[{"embeddable":true,"href":"https:\/\/nscidiomas.com\/en\/wp-json\/wp\/v2\/media\/3553"}],"wp:attachment":[{"href":"https:\/\/nscidiomas.com\/en\/wp-json\/wp\/v2\/media?parent=2637"}],"wp:term":[{"taxonomy":"product_brand","embeddable":true,"href":"https:\/\/nscidiomas.com\/en\/wp-json\/wp\/v2\/product_brand?post=2637"},{"taxonomy":"product_cat","embeddable":true,"href":"https:\/\/nscidiomas.com\/en\/wp-json\/wp\/v2\/product_cat?post=2637"},{"taxonomy":"product_tag","embeddable":true,"href":"https:\/\/nscidiomas.com\/en\/wp-json\/wp\/v2\/product_tag?post=2637"}],"curies":[{"name":"wp","href":"https:\/\/api.w.org\/{rel}","templated":true}]}}