{"id":3552,"date":"2024-10-16T16:27:29","date_gmt":"2024-10-16T13:27:29","guid":{"rendered":"http:\/\/nscidiomas.com\/?post_type=product&#038;p=3552"},"modified":"2025-12-18T15:04:12","modified_gmt":"2025-12-18T12:04:12","slug":"curso-de-ingles-de-negocios-redaccion-de-e-mails-en-ingles-como-un-experto","status":"publish","type":"product","link":"https:\/\/nscidiomas.com\/en\/product\/curso-de-ingles-de-negocios-redaccion-de-e-mails-en-ingles-como-un-experto\/","title":{"rendered":"Curso de ingl\u00e9s de negocios: redacci\u00f3n profesional en ingl\u00e9s"},"content":{"rendered":"<p>Este curso te ense\u00f1ar\u00e1 a escribir correos electr\u00f3nicos, informes y otros documentos de negocios en ingl\u00e9s de manera clara, precisa y profesional. Aprender\u00e1s a estructurar tus mensajes, utilizar el lenguaje adecuado, y reconocer y evitar los errores m\u00e1s comunes que pueden afectar tu comunicaci\u00f3n en el \u00e1mbito empresarial. Ideal para profesionales que buscan transmitir confianza y exactitud en sus e-mails, asegurando una comunicaci\u00f3n efectiva en cualquier entorno internacional.<\/p>\n<p><strong>Contenido del curso:<\/strong><\/p>\n<div class=\"wp-block-uagb-faq uagb-faq__outer-wrap uagb-block-afe997a6 uagb-faq-icon-row uagb-faq-layout-accordion uagb-faq-expand-first-true uagb-faq-inactive-other-true uagb-faq__wrap uagb-buttons-layout-wrap uagb-faq-equal-height \" role=\"tablist\" data-faqtoggle=\"true\">\n<div class=\"wp-block-uagb-faq-child uagb-faq-child__outer-wrap uagb-faq-item uagb-block-280e64e0\" tabindex=\"0\" role=\"tab\" aria-expanded=\"false\">\n<ol>\n<li class=\"uagb-faq-questions-button uagb-faq-questions\"><span class=\"uagb-question\"><strong>Introducci\u00f3n &#8211; redacci\u00f3n de e-mails en ingl\u00e9s.<\/strong><\/span><\/li>\n<li class=\"uagb-faq-questions-button uagb-faq-questions\"><strong style=\"font-size: 16px;\">Estructura y claridad.<\/strong><\/li>\n<li class=\"uagb-faq-questions-button uagb-faq-questions\"><strong style=\"font-size: 16px;\">Errores comunes al redactar correos en ingl\u00e9s.<\/strong><\/li>\n<li><strong>Redacci\u00f3n de informes en ingl\u00e9s.<\/strong><\/li>\n<\/ol>\n<\/div>\n<\/div>\n<hr \/>\n<p>Este curso r\u00e1pido y conciso te ayudar\u00e1 a ganar confianza, dominar el lenguaje especializado y destacar en tus e-mail ya que te daremos todos los trucos que no conoc\u00edas.<\/p>\n<div class=\"flex-1 overflow-hidden\">\n<div class=\"h-full\">\n<div class=\"react-scroll-to-bottom--css-acuuf-79elbk h-full\">\n<div class=\"react-scroll-to-bottom--css-acuuf-1n7m0yu\">\n<div class=\"flex flex-col text-sm md:pb-9\">\n<article class=\"w-full text-token-text-primary focus-visible:outline-2 focus-visible:outline-offset-[-4px]\" dir=\"auto\" data-testid=\"conversation-turn-341\" data-scroll-anchor=\"true\">\n<div class=\"m-auto text-base py-[18px] px-3 md:px-4 w-full md:px-5 lg:px-4 xl:px-5\">\n<div class=\"mx-auto flex flex-1 gap-4 text-base md:gap-5 lg:gap-6 md:max-w-3xl lg:max-w-[40rem] xl:max-w-[48rem]\">\n<div class=\"group\/conversation-turn relative flex w-full min-w-0 flex-col agent-turn\">\n<div class=\"flex-col gap-1 md:gap-3\">\n<div class=\"flex max-w-full flex-col flex-grow\">\n<div class=\"min-h-8 text-message flex w-full flex-col items-end gap-2 whitespace-normal break-words [.text-message+&amp;]:mt-5\" dir=\"auto\" data-message-author-role=\"assistant\" data-message-id=\"e2b8fb5c-d37d-4ff2-bccd-e8c8dc4bf11e\" data-message-model-slug=\"gpt-4o\">\n<div class=\"flex w-full flex-col gap-1 empty:hidden first:pt-[3px]\">\n<div class=\"result-streaming markdown prose w-full break-words dark:prose-invert light\">\n<p>\u00a1No dejes pasar la oportunidad de transformar tus e-mails para mejor!<\/p>\n<\/div>\n<\/div>\n<\/div>\n<\/div>\n<\/div>\n<\/div>\n<\/div>\n<\/div>\n<\/article>\n<\/div>\n<\/div>\n<\/div>\n<\/div>\n<\/div>\n","protected":false},"excerpt":{"rendered":"<p>En poco tiempo, aprender\u00e1s a estructurar tus mensajes, usar el vocabulario adecuado y evitar los errores m\u00e1s comunes que pueden afectar tu comunicaci\u00f3n. Ideal para profesionales que necesitan resultados inmediatos y buscan mejorar su capacidad para transmitir confianza y exactitud en sus e-mails, garantizando una comunicaci\u00f3n efectiva en cualquier contexto internacional.<\/p>","protected":false},"featured_media":2904,"comment_status":"open","ping_status":"closed","template":"","meta":{"_eb_attr":"","_uag_custom_page_level_css":"","site-sidebar-layout":"default","site-content-layout":"","ast-site-content-layout":"default","site-content-style":"default","site-sidebar-style":"default","ast-global-header-display":"","ast-banner-title-visibility":"","ast-main-header-display":"","ast-hfb-above-header-display":"","ast-hfb-below-header-display":"","ast-hfb-mobile-header-display":"","site-post-title":"","ast-breadcrumbs-content":"","ast-featured-img":"","footer-sml-layout":"","ast-disable-related-posts":"","theme-transparent-header-meta":"default","adv-header-id-meta":"","stick-header-meta":"","header-above-stick-meta":"","header-main-stick-meta":"","header-below-stick-meta":"","astra-migrate-meta-layouts":"set","ast-page-background-enabled":"default","ast-page-background-meta":{"desktop":{"background-color":"var(--ast-global-color-4)","background-image":"","background-repeat":"repeat","background-position":"center center","background-size":"auto","background-attachment":"scroll","background-type":"","background-media":"","overlay-type":"","overlay-color":"","overlay-opacity":"","overlay-gradient":""},"tablet":{"background-color":"","background-image":"","background-repeat":"repeat","background-position":"center center","background-size":"auto","background-attachment":"scroll","background-type":"","background-media":"","overlay-type":"","overlay-color":"","overlay-opacity":"","overlay-gradient":""},"mobile":{"background-color":"","background-image":"","background-repeat":"repeat","background-position":"center center","background-size":"auto","background-attachment":"scroll","background-type":"","background-media":"","overlay-type":"","overlay-color":"","overlay-opacity":"","overlay-gradient":""}},"ast-content-background-meta":{"desktop":{"background-color":"var(--ast-global-color-5)","background-image":"","background-repeat":"repeat","background-position":"center center","background-size":"auto","background-attachment":"scroll","background-type":"","background-media":"","overlay-type":"","overlay-color":"","overlay-opacity":"","overlay-gradient":""},"tablet":{"background-color":"var(--ast-global-color-5)","background-image":"","background-repeat":"repeat","background-position":"center center","background-size":"auto","background-attachment":"scroll","background-type":"","background-media":"","overlay-type":"","overlay-color":"","overlay-opacity":"","overlay-gradient":""},"mobile":{"background-color":"var(--ast-global-color-5)","background-image":"","background-repeat":"repeat","background-position":"center center","background-size":"auto","background-attachment":"scroll","background-type":"","background-media":"","overlay-type":"","overlay-color":"","overlay-opacity":"","overlay-gradient":""}},"_joinchat":{"telephone":"+541139450205","message_text":"Hola\n\u00bfC\u00f3mo podemos ayudarte?","message_send":"Hola. Necesito m\u00e1s informaci\u00f3n sobre {TITLE} {URL}"}},"product_brand":[],"product_cat":[230],"product_tag":[242,227,243],"class_list":{"0":"post-3552","1":"product","2":"type-product","3":"status-publish","4":"has-post-thumbnail","6":"product_cat-ingles-de-negocios","7":"product_tag-e-mails-en-ingles","8":"product_tag-ingles-de-negocios","9":"product_tag-redaccion-de-correos-electronicos-en-ingles","10":"desktop-align-left","11":"tablet-align-left","12":"mobile-align-left","14":"first","15":"instock","16":"virtual","17":"sold-individually","18":"purchasable","19":"product-type-simple"},"uagb_featured_image_src":{"full":["https:\/\/nscidiomas.com\/wp-content\/uploads\/2024\/09\/gbdc0cc76d07215da0da9acb1f8ac78b3f277ffdc39abce8a017b1dbbed822d490a2ec5a03fced3efbe4aea5d11bd9fde_1280-925806.jpg",1280,853,false],"thumbnail":["https:\/\/nscidiomas.com\/wp-content\/uploads\/2024\/09\/gbdc0cc76d07215da0da9acb1f8ac78b3f277ffdc39abce8a017b1dbbed822d490a2ec5a03fced3efbe4aea5d11bd9fde_1280-925806-150x150.jpg",150,150,true],"medium":["https:\/\/nscidiomas.com\/wp-content\/uploads\/2024\/09\/gbdc0cc76d07215da0da9acb1f8ac78b3f277ffdc39abce8a017b1dbbed822d490a2ec5a03fced3efbe4aea5d11bd9fde_1280-925806-300x200.jpg",300,200,true],"medium_large":["https:\/\/nscidiomas.com\/wp-content\/uploads\/2024\/09\/gbdc0cc76d07215da0da9acb1f8ac78b3f277ffdc39abce8a017b1dbbed822d490a2ec5a03fced3efbe4aea5d11bd9fde_1280-925806-768x512.jpg",768,512,true],"large":["https:\/\/nscidiomas.com\/wp-content\/uploads\/2024\/09\/gbdc0cc76d07215da0da9acb1f8ac78b3f277ffdc39abce8a017b1dbbed822d490a2ec5a03fced3efbe4aea5d11bd9fde_1280-925806-1024x682.jpg",1024,682,true],"1536x1536":["https:\/\/nscidiomas.com\/wp-content\/uploads\/2024\/09\/gbdc0cc76d07215da0da9acb1f8ac78b3f277ffdc39abce8a017b1dbbed822d490a2ec5a03fced3efbe4aea5d11bd9fde_1280-925806.jpg",1280,853,false],"2048x2048":["https:\/\/nscidiomas.com\/wp-content\/uploads\/2024\/09\/gbdc0cc76d07215da0da9acb1f8ac78b3f277ffdc39abce8a017b1dbbed822d490a2ec5a03fced3efbe4aea5d11bd9fde_1280-925806.jpg",1280,853,false],"trp-custom-language-flag":["https:\/\/nscidiomas.com\/wp-content\/uploads\/2024\/09\/gbdc0cc76d07215da0da9acb1f8ac78b3f277ffdc39abce8a017b1dbbed822d490a2ec5a03fced3efbe4aea5d11bd9fde_1280-925806.jpg",18,12,false],"woocommerce_thumbnail":["https:\/\/nscidiomas.com\/wp-content\/uploads\/2024\/09\/gbdc0cc76d07215da0da9acb1f8ac78b3f277ffdc39abce8a017b1dbbed822d490a2ec5a03fced3efbe4aea5d11bd9fde_1280-925806-300x300.jpg",300,300,true],"woocommerce_single":["https:\/\/nscidiomas.com\/wp-content\/uploads\/2024\/09\/gbdc0cc76d07215da0da9acb1f8ac78b3f277ffdc39abce8a017b1dbbed822d490a2ec5a03fced3efbe4aea5d11bd9fde_1280-925806-600x400.jpg",600,400,true],"woocommerce_gallery_thumbnail":["https:\/\/nscidiomas.com\/wp-content\/uploads\/2024\/09\/gbdc0cc76d07215da0da9acb1f8ac78b3f277ffdc39abce8a017b1dbbed822d490a2ec5a03fced3efbe4aea5d11bd9fde_1280-925806-100x100.jpg",100,100,true]},"uagb_author_info":{"display_name":"Natalia","author_link":"https:\/\/nscidiomas.com\/en\/author\/"},"uagb_comment_info":0,"uagb_excerpt":"En poco tiempo, aprender\u00e1s a estructurar tus mensajes, usar el vocabulario adecuado y evitar los errores m\u00e1s comunes que pueden afectar tu comunicaci\u00f3n. Ideal para profesionales que necesitan resultados inmediatos y buscan mejorar su capacidad para transmitir confianza y exactitud en sus e-mails, garantizando una comunicaci\u00f3n efectiva en cualquier contexto internacional.","_links":{"self":[{"href":"https:\/\/nscidiomas.com\/en\/wp-json\/wp\/v2\/product\/3552","targetHints":{"allow":["GET"]}}],"collection":[{"href":"https:\/\/nscidiomas.com\/en\/wp-json\/wp\/v2\/product"}],"about":[{"href":"https:\/\/nscidiomas.com\/en\/wp-json\/wp\/v2\/types\/product"}],"replies":[{"embeddable":true,"href":"https:\/\/nscidiomas.com\/en\/wp-json\/wp\/v2\/comments?post=3552"}],"wp:featuredmedia":[{"embeddable":true,"href":"https:\/\/nscidiomas.com\/en\/wp-json\/wp\/v2\/media\/2904"}],"wp:attachment":[{"href":"https:\/\/nscidiomas.com\/en\/wp-json\/wp\/v2\/media?parent=3552"}],"wp:term":[{"taxonomy":"product_brand","embeddable":true,"href":"https:\/\/nscidiomas.com\/en\/wp-json\/wp\/v2\/product_brand?post=3552"},{"taxonomy":"product_cat","embeddable":true,"href":"https:\/\/nscidiomas.com\/en\/wp-json\/wp\/v2\/product_cat?post=3552"},{"taxonomy":"product_tag","embeddable":true,"href":"https:\/\/nscidiomas.com\/en\/wp-json\/wp\/v2\/product_tag?post=3552"}],"curies":[{"name":"wp","href":"https:\/\/api.w.org\/{rel}","templated":true}]}}