{"id":3560,"date":"2024-10-16T17:11:36","date_gmt":"2024-10-16T14:11:36","guid":{"rendered":"http:\/\/nscidiomas.com\/?post_type=product&#038;p=3560"},"modified":"2025-08-24T05:58:59","modified_gmt":"2025-08-24T02:58:59","slug":"curso-de-ingles-de-negocios-economia-y-finanzas-producto","status":"publish","type":"product","link":"https:\/\/nscidiomas.com\/en\/product\/curso-de-ingles-de-negocios-economia-y-finanzas-producto\/","title":{"rendered":"Business English Course: Economics and Finance"},"content":{"rendered":"<div class=\"flex-1 overflow-hidden\">\n<div class=\"h-full\">\n<div class=\"react-scroll-to-bottom--css-wxlsm-79elbk h-full\">\n<div class=\"react-scroll-to-bottom--css-wxlsm-1n7m0yu\">\n<div class=\"flex flex-col text-sm md:pb-9\">\n<article class=\"w-full text-token-text-primary focus-visible:outline-2 focus-visible:outline-offset-[-4px]\" dir=\"auto\" data-testid=\"conversation-turn-347\" data-scroll-anchor=\"true\">\n<div class=\"m-auto text-base py-[18px] px-3 md:px-4 w-full md:px-5 lg:px-4 xl:px-5\">\n<div class=\"mx-auto flex flex-1 gap-4 text-base md:gap-5 lg:gap-6 md:max-w-3xl lg:max-w-[40rem] xl:max-w-[48rem]\">\n<div class=\"group\/conversation-turn relative flex w-full min-w-0 flex-col agent-turn\">\n<div class=\"flex-col gap-1 md:gap-3\">\n<div class=\"flex max-w-full flex-col flex-grow\">\n<div class=\"min-h-8 text-message flex w-full flex-col items-end gap-2 whitespace-normal break-words [.text-message+&amp;]:mt-5\" dir=\"auto\" data-message-author-role=\"assistant\" data-message-id=\"b94e9405-2b2f-4395-b813-777fde84f85b\" data-message-model-slug=\"gpt-4o\">\n<div class=\"flex w-full flex-col gap-1 empty:hidden first:pt-[3px]\">\n<div class=\"result-streaming markdown prose w-full break-words dark:prose-invert light\">\n<div class=\"flex max-w-full flex-col flex-grow\">\n<div class=\"min-h-8 text-message flex w-full flex-col items-end gap-2 whitespace-normal break-words [.text-message+&amp;]:mt-5\" dir=\"auto\" data-message-author-role=\"assistant\" data-message-id=\"057ee808-6ced-4687-96ad-a7e5bd432f28\" data-message-model-slug=\"gpt-4o\">\n<div class=\"flex w-full flex-col gap-1 empty:hidden first:pt-[3px]\">\n<div class=\"markdown prose w-full break-words dark:prose-invert light\">\n<p>Este curso est\u00e1 dirigido a profesionales que buscan perfeccionar su ingl\u00e9s en el \u00e1rea de la econom\u00eda y las finanzas. A lo largo de las clases, enfocadas en el vocabulario especializado y las expresiones comunes en el an\u00e1lisis econ\u00f3mico, los mercados financieros, informes y proyecciones, adquirir\u00e1s las habilidades ling\u00fc\u00edsticas necesarias para desenvolverte con seguridad en entornos financieros internacionales. Es ideal para economistas, analistas y ejecutivos que desean fortalecer su presencia en el \u00e1mbito global.<\/p>\n<\/div>\n<\/div>\n<\/div>\n<\/div>\n<\/div>\n<\/div>\n<\/div>\n<\/div>\n<\/div>\n<\/div>\n<\/div>\n<\/div>\n<\/article>\n<\/div>\n<\/div>\n<\/div>\n<\/div>\n<\/div>\n<p><strong>Contenido del curso:<\/strong><\/p>\n<div class=\"wp-block-uagb-faq uagb-faq__outer-wrap uagb-block-afe997a6 uagb-faq-icon-row uagb-faq-layout-accordion uagb-faq-expand-first-true uagb-faq-inactive-other-true uagb-faq__wrap uagb-buttons-layout-wrap uagb-faq-equal-height \" role=\"tablist\" data-faqtoggle=\"true\">\n<div class=\"wp-block-uagb-faq-child uagb-faq-child__outer-wrap uagb-faq-item uagb-block-280e64e0\" tabindex=\"0\" role=\"tab\" aria-expanded=\"false\">\n<ol>\n<li class=\"uagb-faq-questions-button uagb-faq-questions\"><strong>Fundamentos de vocabulario financiero en ingl\u00e9s.<\/strong><\/li>\n<li class=\"uagb-faq-questions-button uagb-faq-questions\"><strong>Terminolog\u00eda de los mercados financieros y los instrumentos de inversi\u00f3n..<\/strong><\/li>\n<li class=\"uagb-faq-questions-button uagb-faq-questions\"><strong>\u00a0Introducci\u00f3n a los t\u00e9rminos clave de la macroeconom\u00eda en ingl\u00e9s.<\/strong><\/li>\n<li>\n<div class=\"wp-block-uagb-faq uagb-faq__outer-wrap uagb-block-afe997a6 uagb-faq-icon-row uagb-faq-layout-accordion uagb-faq-expand-first-true uagb-faq-inactive-other-true uagb-faq__wrap uagb-buttons-layout-wrap uagb-faq-equal-height \" role=\"tablist\" data-faqtoggle=\"true\">\n<div class=\"wp-block-uagb-faq-child uagb-faq-child__outer-wrap uagb-faq-item uagb-block-46ea24f0\" tabindex=\"0\" role=\"tab\" aria-expanded=\"false\">\n<div class=\"uagb-faq-questions-button uagb-faq-questions\"><span class=\"uagb-question\"><strong>Introducci\u00f3n a los t\u00e9rminos clave de la microeconom\u00eda en ingl\u00e9s.<\/strong><\/span><\/div>\n<\/div>\n<\/div>\n<\/li>\n<\/ol>\n<\/div>\n<\/div>\n<hr \/>\n<p>Este curso te\u00f3rico pr\u00e1ctico te ayudar\u00e1 a ganar confianza, dominar el lenguaje especializado y destacar en tu trabajo.<\/p>\n<div class=\"flex-1 overflow-hidden\">\n<div class=\"h-full\">\n<div class=\"react-scroll-to-bottom--css-acuuf-79elbk h-full\">\n<div class=\"react-scroll-to-bottom--css-acuuf-1n7m0yu\">\n<div class=\"flex flex-col text-sm md:pb-9\">\n<article class=\"w-full text-token-text-primary focus-visible:outline-2 focus-visible:outline-offset-[-4px]\" dir=\"auto\" data-testid=\"conversation-turn-341\" data-scroll-anchor=\"true\">\n<div class=\"m-auto text-base py-[18px] px-3 md:px-4 w-full md:px-5 lg:px-4 xl:px-5\">\n<div class=\"mx-auto flex flex-1 gap-4 text-base md:gap-5 lg:gap-6 md:max-w-3xl lg:max-w-[40rem] xl:max-w-[48rem]\">\n<div class=\"group\/conversation-turn relative flex w-full min-w-0 flex-col agent-turn\">\n<div class=\"flex-col gap-1 md:gap-3\">\n<div class=\"flex max-w-full flex-col flex-grow\">\n<div class=\"min-h-8 text-message flex w-full flex-col items-end gap-2 whitespace-normal break-words [.text-message+&amp;]:mt-5\" dir=\"auto\" data-message-author-role=\"assistant\" data-message-id=\"e2b8fb5c-d37d-4ff2-bccd-e8c8dc4bf11e\" data-message-model-slug=\"gpt-4o\">\n<div class=\"flex w-full flex-col gap-1 empty:hidden first:pt-[3px]\">\n<div class=\"result-streaming markdown prose w-full break-words dark:prose-invert light\">\n<p>\u00a1No dejes pasar la oportunidad de elevar tu carrera laboral!<\/p>\n<\/div>\n<\/div>\n<\/div>\n<\/div>\n<\/div>\n<\/div>\n<\/div>\n<\/div>\n<\/article>\n<\/div>\n<\/div>\n<\/div>\n<\/div>\n<\/div>\n","protected":false},"excerpt":{"rendered":"<div class=\"flex max-w-full flex-col flex-grow\">\n<div class=\"min-h-8 text-message flex w-full flex-col items-end gap-2 whitespace-normal break-words [.text-message+&amp;]:mt-5\" dir=\"auto\" data-message-author-role=\"assistant\" data-message-id=\"0275d649-2b71-412e-8c81-8ca114ee3f3d\" data-message-model-slug=\"gpt-4o\">\n<div class=\"flex w-full flex-col gap-1 empty:hidden first:pt-[3px]\">\n<div class=\"markdown prose w-full break-words dark:prose-invert light\">\n<div class=\"flex-1 overflow-hidden\">\n<div class=\"h-full\">\n<div class=\"react-scroll-to-bottom--css-gvcck-79elbk h-full\">\n<div class=\"react-scroll-to-bottom--css-gvcck-1n7m0yu\">\n<div class=\"flex flex-col text-sm md:pb-9\">\n<article class=\"w-full text-token-text-primary focus-visible:outline-2 focus-visible:outline-offset-[-4px]\" dir=\"auto\" data-testid=\"conversation-turn-23\" data-scroll-anchor=\"true\">\n<div class=\"m-auto text-base py-[18px] px-3 md:px-4 w-full md:px-5 lg:px-4 xl:px-5\">\n<div class=\"mx-auto flex flex-1 gap-4 text-base md:gap-5 lg:gap-6 md:max-w-3xl lg:max-w-[40rem] xl:max-w-[48rem]\">\n<div class=\"group\/conversation-turn relative flex w-full min-w-0 flex-col agent-turn\">\n<div class=\"flex-col gap-1 md:gap-3\">\n<div class=\"flex max-w-full flex-col flex-grow\">\n<div class=\"min-h-8 text-message flex w-full flex-col items-end gap-2 whitespace-normal break-words [.text-message+&amp;]:mt-5\" dir=\"auto\" data-message-author-role=\"assistant\" data-message-id=\"119988de-222b-4d82-8cab-07a33293db9f\" data-message-model-slug=\"gpt-4o\">\n<div class=\"flex w-full flex-col gap-1 empty:hidden first:pt-[3px]\">\n<div class=\"markdown prose w-full break-words dark:prose-invert light\">\n<p>Mejora tu ingl\u00e9s especializado en econom\u00eda y finanzas, adquiriendo vocabulario esencial y competencias comunicativas para realizar an\u00e1lisis econ\u00f3micos, comprender los mercados financieros y participar en negociaciones internacionales. Perfecto para economistas y profesionales del sector financiero.<\/p>\n<\/div>\n<\/div>\n<\/div>\n<\/div>\n<\/div>\n<\/div>\n<\/div>\n<\/div>\n<\/article>\n<\/div>\n<\/div>\n<\/div>\n<\/div>\n<\/div>\n<\/div>\n<\/div>\n<\/div>\n<\/div>\n","protected":false},"featured_media":3511,"comment_status":"open","ping_status":"closed","template":"","meta":{"_eb_attr":"","_uag_custom_page_level_css":"","site-sidebar-layout":"default","site-content-layout":"","ast-site-content-layout":"default","site-content-style":"default","site-sidebar-style":"default","ast-global-header-display":"","ast-banner-title-visibility":"","ast-main-header-display":"","ast-hfb-above-header-display":"","ast-hfb-below-header-display":"","ast-hfb-mobile-header-display":"","site-post-title":"","ast-breadcrumbs-content":"","ast-featured-img":"","footer-sml-layout":"","ast-disable-related-posts":"","theme-transparent-header-meta":"default","adv-header-id-meta":"","stick-header-meta":"","header-above-stick-meta":"","header-main-stick-meta":"","header-below-stick-meta":"","astra-migrate-meta-layouts":"set","ast-page-background-enabled":"default","ast-page-background-meta":{"desktop":{"background-color":"var(--ast-global-color-4)","background-image":"","background-repeat":"repeat","background-position":"center center","background-size":"auto","background-attachment":"scroll","background-type":"","background-media":"","overlay-type":"","overlay-color":"","overlay-opacity":"","overlay-gradient":""},"tablet":{"background-color":"","background-image":"","background-repeat":"repeat","background-position":"center center","background-size":"auto","background-attachment":"scroll","background-type":"","background-media":"","overlay-type":"","overlay-color":"","overlay-opacity":"","overlay-gradient":""},"mobile":{"background-color":"","background-image":"","background-repeat":"repeat","background-position":"center center","background-size":"auto","background-attachment":"scroll","background-type":"","background-media":"","overlay-type":"","overlay-color":"","overlay-opacity":"","overlay-gradient":""}},"ast-content-background-meta":{"desktop":{"background-color":"var(--ast-global-color-5)","background-image":"","background-repeat":"repeat","background-position":"center center","background-size":"auto","background-attachment":"scroll","background-type":"","background-media":"","overlay-type":"","overlay-color":"","overlay-opacity":"","overlay-gradient":""},"tablet":{"background-color":"var(--ast-global-color-5)","background-image":"","background-repeat":"repeat","background-position":"center center","background-size":"auto","background-attachment":"scroll","background-type":"","background-media":"","overlay-type":"","overlay-color":"","overlay-opacity":"","overlay-gradient":""},"mobile":{"background-color":"var(--ast-global-color-5)","background-image":"","background-repeat":"repeat","background-position":"center center","background-size":"auto","background-attachment":"scroll","background-type":"","background-media":"","overlay-type":"","overlay-color":"","overlay-opacity":"","overlay-gradient":""}},"_joinchat":{"telephone":"1139450205","message_text":"Hola\n\u00bfC\u00f3mo podemos ayudarte?","message_send":"Hola. Necesito m\u00e1s informaci\u00f3n sobre {TITLE} {URL}"}},"product_brand":[],"product_cat":[230],"product_tag":[241,239,240],"class_list":{"0":"post-3560","1":"product","2":"type-product","3":"status-publish","4":"has-post-thumbnail","6":"product_cat-ingles-de-negocios","7":"product_tag-finanzas-internacionales","8":"product_tag-ingles-financiero","9":"product_tag-ingles-para-finanzas","10":"desktop-align-left","11":"tablet-align-left","12":"mobile-align-left","14":"first","15":"instock","16":"virtual","17":"sold-individually","18":"purchasable","19":"product-type-simple"},"uagb_featured_image_src":{"full":["https:\/\/nscidiomas.com\/wp-content\/uploads\/2024\/10\/ingles-finanzas-scaled.jpg",2560,1703,false],"thumbnail":["https:\/\/nscidiomas.com\/wp-content\/uploads\/2024\/10\/ingles-finanzas-150x150.jpg",150,150,true],"medium":["https:\/\/nscidiomas.com\/wp-content\/uploads\/2024\/10\/ingles-finanzas-300x200.jpg",300,200,true],"medium_large":["https:\/\/nscidiomas.com\/wp-content\/uploads\/2024\/10\/ingles-finanzas-768x511.jpg",768,511,true],"large":["https:\/\/nscidiomas.com\/wp-content\/uploads\/2024\/10\/ingles-finanzas-1024x681.jpg",1024,681,true],"1536x1536":["https:\/\/nscidiomas.com\/wp-content\/uploads\/2024\/10\/ingles-finanzas-1536x1022.jpg",1536,1022,true],"2048x2048":["https:\/\/nscidiomas.com\/wp-content\/uploads\/2024\/10\/ingles-finanzas-2048x1363.jpg",2048,1363,true],"trp-custom-language-flag":["https:\/\/nscidiomas.com\/wp-content\/uploads\/2024\/10\/ingles-finanzas-18x12.jpg",18,12,true],"woocommerce_thumbnail":["https:\/\/nscidiomas.com\/wp-content\/uploads\/2024\/10\/ingles-finanzas-300x300.jpg",300,300,true],"woocommerce_single":["https:\/\/nscidiomas.com\/wp-content\/uploads\/2024\/10\/ingles-finanzas-600x399.jpg",600,399,true],"woocommerce_gallery_thumbnail":["https:\/\/nscidiomas.com\/wp-content\/uploads\/2024\/10\/ingles-finanzas-100x100.jpg",100,100,true]},"uagb_author_info":{"display_name":"Natalia","author_link":"https:\/\/nscidiomas.com\/en\/author\/"},"uagb_comment_info":0,"uagb_excerpt":"Mejora tu ingl\u00e9s especializado en econom\u00eda y finanzas, adquiriendo vocabulario esencial y competencias comunicativas para realizar an\u00e1lisis econ\u00f3micos, comprender los mercados financieros y participar en negociaciones internacionales. Perfecto para economistas y profesionales del sector financiero.","_links":{"self":[{"href":"https:\/\/nscidiomas.com\/en\/wp-json\/wp\/v2\/product\/3560","targetHints":{"allow":["GET"]}}],"collection":[{"href":"https:\/\/nscidiomas.com\/en\/wp-json\/wp\/v2\/product"}],"about":[{"href":"https:\/\/nscidiomas.com\/en\/wp-json\/wp\/v2\/types\/product"}],"replies":[{"embeddable":true,"href":"https:\/\/nscidiomas.com\/en\/wp-json\/wp\/v2\/comments?post=3560"}],"wp:featuredmedia":[{"embeddable":true,"href":"https:\/\/nscidiomas.com\/en\/wp-json\/wp\/v2\/media\/3511"}],"wp:attachment":[{"href":"https:\/\/nscidiomas.com\/en\/wp-json\/wp\/v2\/media?parent=3560"}],"wp:term":[{"taxonomy":"product_brand","embeddable":true,"href":"https:\/\/nscidiomas.com\/en\/wp-json\/wp\/v2\/product_brand?post=3560"},{"taxonomy":"product_cat","embeddable":true,"href":"https:\/\/nscidiomas.com\/en\/wp-json\/wp\/v2\/product_cat?post=3560"},{"taxonomy":"product_tag","embeddable":true,"href":"https:\/\/nscidiomas.com\/en\/wp-json\/wp\/v2\/product_tag?post=3560"}],"curies":[{"name":"wp","href":"https:\/\/api.w.org\/{rel}","templated":true}]}}